{"id":57,"date":"2018-11-21T13:08:41","date_gmt":"2018-11-21T13:08:41","guid":{"rendered":"https:\/\/bottegadellearti.net\/?page_id=57"},"modified":"2020-09-03T14:59:42","modified_gmt":"2020-09-03T14:59:42","slug":"prodotti","status":"publish","type":"page","link":"https:\/\/www.bottegadellearti.net\/it\/prodotti\/","title":{"rendered":"I nostri prodotti"},"content":{"rendered":"<p>Abbiamo selezionato i migliori prodotti dell&#8217;artigianato italiano per offrire ai nostri clienti una scelta ampia e aggiornata di prodotti.<\/p>\n<h3>I tessuti<\/h3>\n<p>La <strong>Bottega delle Arti<\/strong> vi offre un campionario vasto di tessuti che spazia dal cotone al lino, misto e puro, alla seta.<\/p>\n<p>Tutti i tessuti vengono lavorati a telaio da ditte artigiane locali, umbre e toscane che hanno alle spalle un&#8217;esperienza e una sapienza trentennale.<\/p>\n<p>A dimostrazione della seriet\u00e0 e della bravura dei nostri artigiani, siamo in grado di realizzare articoli, quali tovaglie, strisce o lenzuola, su misura e secondo le vostre richieste.<\/p>\n<p>Questo sito viene aggiornato continuamente. Tornate a trovarci e scoprite quali sorprese vi abbiamo riservato. Se non avete trovato ci\u00f2 che cercate, non esitate a contattarci e se possibile lo troveremo per voi.<\/p>\n<h3>Il Vetro<\/h3>\n<p>I nostri oggetti di vetro soffiato sono realizzati a mano da Maestri artigiani utilizzando le tecniche di lavorazione pi\u00f9 raffinate del vetro di Murano.<\/p>\n<p>Ancora oggi\u00a0 nostri Maestri lavorano questo materiale secondo le tecniche che vengono tramandate di generazione in generazione, ma con un occhio all&#8217;innovazione, dando vita a vere e proprie opere d&#8217;arte dall&#8217;indescrivibile bellezza.<\/p>\n<h3>La Vetrofusione<\/h3>\n<p>La nostra vetrofusione \u00e8 un modo molto delicato e tradizionale di lavorare il vetro e consiste nel posizionare il vetro decorato su un piano di lavoro o uno stampo in materiale refrattario. Questa viene poi posta in forno e portata alla temperatura di fusione (circa 800 \u00b0 C). Il vetro viene mantenuto a questa temperatura per un tempo variabile a seconda dell&#8217;effetto estetico richiesto e viene poi lasciato raffreddare lentamente a temperatura ambiente in forno per evitare sbalzi di temperatura.<\/p>\n<p>Un ciclo completo di riscaldamento e raffreddamento in forno dura dalle 8 alle 12 ore. Inoltre \u00e8 possibile realizzare progetti personalizzati in base alle esigenze del cliente.<\/p>\n<h3>Gli intarsi<\/h3>\n<p>Parlare di tarsia a <strong>Sorrento <\/strong>significa parlare della storia della citt\u00e0 e dell&#8217;intera penisola proprio perch\u00e9 questa tecnica \u00e8 nata in concomitanza con il movimento turistico e rappresenta uno dei pilastri portanti dell&#8217;economia Sorrentina. Una tradizione quella dell&#8217;intarsio che ebbe quindi origine e comici\u00f2 a svilupparsi verso la met\u00e0 dell&#8217;ottocento e che conserva intatto il proprio fascino.<\/p>\n<p>La ditta artigiana, da cui Rosanna si fornisce, segue tale tradizione ed \u00e8 sul mercato da pi\u00f9 di quarant&#8217;anni. Tutti i prodotti sono curati nei minimi particolari, sono realizzati con legni pregiati ed ottenuti attraverso tecniche tramandate dagli antichi artigiani.<\/p>\n<p>I legni di forme, essenze e colorazioni differenti vengono uniti dalle mani sapienti degli artigiani realizzando sia le classiche scatole musicali che le pregiate e armoniose scatole portagioie in stile moderno.<\/p>\n<p>&nbsp;<\/p>\n","protected":false},"excerpt":{"rendered":"<p>Abbiamo selezionato i migliori prodotti dell&#8217;artigianato italiano per offrire ai nostri clienti una scelta ampia e aggiornata di prodotti. I tessuti La Bottega delle Arti vi offre un campionario vasto di tessuti che spazia dal cotone al lino, misto e puro, alla seta. Tutti i tessuti vengono lavorati a telaio[&#8230;]<\/p>\n","protected":false},"author":2,"featured_media":0,"parent":0,"menu_order":0,"comment_status":"closed","ping_status":"closed","template":"","meta":{"footnotes":""},"yoast_head":"<!-- This site is optimized with the Yoast SEO plugin v24.5 - https:\/\/yoast.com\/wordpress\/plugins\/seo\/ -->\n<title>I nostri prodotti - La Bottega delle Arti<\/title>\n<meta name=\"robots\" content=\"index, follow, max-snippet:-1, max-image-preview:large, max-video-preview:-1\" \/>\n<link rel=\"canonical\" href=\"https:\/\/www.bottegadellearti.net\/it\/prodotti\/\" \/>\n<meta property=\"og:locale\" content=\"it_IT\" \/>\n<meta property=\"og:type\" content=\"article\" \/>\n<meta property=\"og:title\" content=\"I nostri prodotti - La Bottega delle Arti\" \/>\n<meta property=\"og:description\" content=\"Abbiamo selezionato i migliori prodotti dell&#8217;artigianato italiano per offrire ai nostri clienti una scelta ampia e aggiornata di prodotti. I tessuti La Bottega delle Arti vi offre un campionario vasto di tessuti che spazia dal cotone al lino, misto e puro, alla seta. Tutti i tessuti vengono lavorati a telaio[...]\" \/>\n<meta property=\"og:url\" content=\"https:\/\/www.bottegadellearti.net\/it\/prodotti\/\" \/>\n<meta property=\"og:site_name\" content=\"La Bottega delle Arti\" \/>\n<meta property=\"article:modified_time\" content=\"2020-09-03T14:59:42+00:00\" \/>\n<meta name=\"twitter:card\" content=\"summary_large_image\" \/>\n<meta name=\"twitter:label1\" content=\"Tempo di lettura stimato\" \/>\n\t<meta name=\"twitter:data1\" content=\"2 minuti\" \/>\n<script type=\"application\/ld+json\" class=\"yoast-schema-graph\">{\"@context\":\"https:\/\/schema.org\",\"@graph\":[{\"@type\":\"WebPage\",\"@id\":\"https:\/\/www.bottegadellearti.net\/it\/prodotti\/\",\"url\":\"https:\/\/www.bottegadellearti.net\/it\/prodotti\/\",\"name\":\"I nostri prodotti - La Bottega delle Arti\",\"isPartOf\":{\"@id\":\"https:\/\/www.bottegadellearti.net\/it\/#website\"},\"datePublished\":\"2018-11-21T13:08:41+00:00\",\"dateModified\":\"2020-09-03T14:59:42+00:00\",\"breadcrumb\":{\"@id\":\"https:\/\/www.bottegadellearti.net\/it\/prodotti\/#breadcrumb\"},\"inLanguage\":\"it-IT\",\"potentialAction\":[{\"@type\":\"ReadAction\",\"target\":[\"https:\/\/www.bottegadellearti.net\/it\/prodotti\/\"]}]},{\"@type\":\"BreadcrumbList\",\"@id\":\"https:\/\/www.bottegadellearti.net\/it\/prodotti\/#breadcrumb\",\"itemListElement\":[{\"@type\":\"ListItem\",\"position\":1,\"name\":\"Home\",\"item\":\"https:\/\/www.bottegadellearti.net\/it\/\"},{\"@type\":\"ListItem\",\"position\":2,\"name\":\"I nostri prodotti\"}]},{\"@type\":\"WebSite\",\"@id\":\"https:\/\/www.bottegadellearti.net\/it\/#website\",\"url\":\"https:\/\/www.bottegadellearti.net\/it\/\",\"name\":\"La Bottega delle Arti\",\"description\":\"\",\"potentialAction\":[{\"@type\":\"SearchAction\",\"target\":{\"@type\":\"EntryPoint\",\"urlTemplate\":\"https:\/\/www.bottegadellearti.net\/it\/?s={search_term_string}\"},\"query-input\":{\"@type\":\"PropertyValueSpecification\",\"valueRequired\":true,\"valueName\":\"search_term_string\"}}],\"inLanguage\":\"it-IT\"}]}<\/script>\n<!-- \/ Yoast SEO plugin. -->","yoast_head_json":{"title":"I nostri prodotti - La Bottega delle Arti","robots":{"index":"index","follow":"follow","max-snippet":"max-snippet:-1","max-image-preview":"max-image-preview:large","max-video-preview":"max-video-preview:-1"},"canonical":"https:\/\/www.bottegadellearti.net\/it\/prodotti\/","og_locale":"it_IT","og_type":"article","og_title":"I nostri prodotti - La Bottega delle Arti","og_description":"Abbiamo selezionato i migliori prodotti dell&#8217;artigianato italiano per offrire ai nostri clienti una scelta ampia e aggiornata di prodotti. I tessuti La Bottega delle Arti vi offre un campionario vasto di tessuti che spazia dal cotone al lino, misto e puro, alla seta. Tutti i tessuti vengono lavorati a telaio[...]","og_url":"https:\/\/www.bottegadellearti.net\/it\/prodotti\/","og_site_name":"La Bottega delle Arti","article_modified_time":"2020-09-03T14:59:42+00:00","twitter_card":"summary_large_image","twitter_misc":{"Tempo di lettura stimato":"2 minuti"},"schema":{"@context":"https:\/\/schema.org","@graph":[{"@type":"WebPage","@id":"https:\/\/www.bottegadellearti.net\/it\/prodotti\/","url":"https:\/\/www.bottegadellearti.net\/it\/prodotti\/","name":"I nostri prodotti - La Bottega delle Arti","isPartOf":{"@id":"https:\/\/www.bottegadellearti.net\/it\/#website"},"datePublished":"2018-11-21T13:08:41+00:00","dateModified":"2020-09-03T14:59:42+00:00","breadcrumb":{"@id":"https:\/\/www.bottegadellearti.net\/it\/prodotti\/#breadcrumb"},"inLanguage":"it-IT","potentialAction":[{"@type":"ReadAction","target":["https:\/\/www.bottegadellearti.net\/it\/prodotti\/"]}]},{"@type":"BreadcrumbList","@id":"https:\/\/www.bottegadellearti.net\/it\/prodotti\/#breadcrumb","itemListElement":[{"@type":"ListItem","position":1,"name":"Home","item":"https:\/\/www.bottegadellearti.net\/it\/"},{"@type":"ListItem","position":2,"name":"I nostri prodotti"}]},{"@type":"WebSite","@id":"https:\/\/www.bottegadellearti.net\/it\/#website","url":"https:\/\/www.bottegadellearti.net\/it\/","name":"La Bottega delle Arti","description":"","potentialAction":[{"@type":"SearchAction","target":{"@type":"EntryPoint","urlTemplate":"https:\/\/www.bottegadellearti.net\/it\/?s={search_term_string}"},"query-input":{"@type":"PropertyValueSpecification","valueRequired":true,"valueName":"search_term_string"}}],"inLanguage":"it-IT"}]}},"_links":{"self":[{"href":"https:\/\/www.bottegadellearti.net\/it\/wp-json\/wp\/v2\/pages\/57"}],"collection":[{"href":"https:\/\/www.bottegadellearti.net\/it\/wp-json\/wp\/v2\/pages"}],"about":[{"href":"https:\/\/www.bottegadellearti.net\/it\/wp-json\/wp\/v2\/types\/page"}],"author":[{"embeddable":true,"href":"https:\/\/www.bottegadellearti.net\/it\/wp-json\/wp\/v2\/users\/2"}],"replies":[{"embeddable":true,"href":"https:\/\/www.bottegadellearti.net\/it\/wp-json\/wp\/v2\/comments?post=57"}],"version-history":[{"count":7,"href":"https:\/\/www.bottegadellearti.net\/it\/wp-json\/wp\/v2\/pages\/57\/revisions"}],"predecessor-version":[{"id":8114,"href":"https:\/\/www.bottegadellearti.net\/it\/wp-json\/wp\/v2\/pages\/57\/revisions\/8114"}],"wp:attachment":[{"href":"https:\/\/www.bottegadellearti.net\/it\/wp-json\/wp\/v2\/media?parent=57"}],"curies":[{"name":"wp","href":"https:\/\/api.w.org\/{rel}","templated":true}]}}