{"id":59,"date":"2018-11-21T13:10:18","date_gmt":"2018-11-21T13:10:18","guid":{"rendered":"https:\/\/bottegadellearti.net\/?page_id=59"},"modified":"2018-11-21T13:44:50","modified_gmt":"2018-11-21T13:44:50","slug":"chi-siamo","status":"publish","type":"page","link":"https:\/\/www.bottegadellearti.net\/it\/chi-siamo\/","title":{"rendered":"Chi siamo"},"content":{"rendered":"<p>La <strong>Bottega delle Arti<\/strong> \u00e8 una creazione di Rosanna Buonocore, giovane imprenditrice nata in Costiera Amalfitana, ed \u00e8 il frutto della sua passione per la bellezza e qualit\u00e0 dei prodotti artigianali.<\/p>\n<p>Da sempre attiva in questo settore, Rosanna ha l&#8217;abilit\u00e0 di scoprire e di farvi apprezzare i prodotti pi\u00f9 raffinati dell&#8217;artigianato locale.<\/p>\n<p>L&#8217;occasione migliore per scoprirne i segreti \u00e8 sicuramente visitare la boutique di Ravello ma anche il catalogo presente in questo sito che vi da l&#8217;opportunit\u00e0 di acquistare online i vostri oggetti preferiti.<\/p>\n","protected":false},"excerpt":{"rendered":"<p>La Bottega delle Arti \u00e8 una creazione di Rosanna Buonocore, giovane imprenditrice nata in Costiera Amalfitana, ed \u00e8 il frutto della sua passione per la bellezza e qualit\u00e0 dei prodotti artigianali. Da sempre attiva in questo settore, Rosanna ha l&#8217;abilit\u00e0 di scoprire e di farvi apprezzare i prodotti pi\u00f9 raffinati[&#8230;]<\/p>\n","protected":false},"author":2,"featured_media":0,"parent":0,"menu_order":0,"comment_status":"closed","ping_status":"closed","template":"","meta":{"footnotes":""},"yoast_head":"<!-- This site is optimized with the Yoast SEO plugin v24.5 - https:\/\/yoast.com\/wordpress\/plugins\/seo\/ -->\n<title>Chi siamo - La Bottega delle Arti<\/title>\n<meta name=\"robots\" content=\"index, follow, max-snippet:-1, max-image-preview:large, max-video-preview:-1\" \/>\n<link rel=\"canonical\" href=\"https:\/\/www.bottegadellearti.net\/it\/chi-siamo\/\" \/>\n<meta property=\"og:locale\" content=\"it_IT\" \/>\n<meta property=\"og:type\" content=\"article\" \/>\n<meta property=\"og:title\" content=\"Chi siamo - La Bottega delle Arti\" \/>\n<meta property=\"og:description\" content=\"La Bottega delle Arti \u00e8 una creazione di Rosanna Buonocore, giovane imprenditrice nata in Costiera Amalfitana, ed \u00e8 il frutto della sua passione per la bellezza e qualit\u00e0 dei prodotti artigianali. Da sempre attiva in questo settore, Rosanna ha l&#8217;abilit\u00e0 di scoprire e di farvi apprezzare i prodotti pi\u00f9 raffinati[...]\" \/>\n<meta property=\"og:url\" content=\"https:\/\/www.bottegadellearti.net\/it\/chi-siamo\/\" \/>\n<meta property=\"og:site_name\" content=\"La Bottega delle Arti\" \/>\n<meta property=\"article:modified_time\" content=\"2018-11-21T13:44:50+00:00\" \/>\n<meta name=\"twitter:card\" content=\"summary_large_image\" \/>\n<script type=\"application\/ld+json\" class=\"yoast-schema-graph\">{\"@context\":\"https:\/\/schema.org\",\"@graph\":[{\"@type\":\"WebPage\",\"@id\":\"https:\/\/www.bottegadellearti.net\/it\/chi-siamo\/\",\"url\":\"https:\/\/www.bottegadellearti.net\/it\/chi-siamo\/\",\"name\":\"Chi siamo - La Bottega delle Arti\",\"isPartOf\":{\"@id\":\"https:\/\/www.bottegadellearti.net\/it\/#website\"},\"datePublished\":\"2018-11-21T13:10:18+00:00\",\"dateModified\":\"2018-11-21T13:44:50+00:00\",\"breadcrumb\":{\"@id\":\"https:\/\/www.bottegadellearti.net\/it\/chi-siamo\/#breadcrumb\"},\"inLanguage\":\"it-IT\",\"potentialAction\":[{\"@type\":\"ReadAction\",\"target\":[\"https:\/\/www.bottegadellearti.net\/it\/chi-siamo\/\"]}]},{\"@type\":\"BreadcrumbList\",\"@id\":\"https:\/\/www.bottegadellearti.net\/it\/chi-siamo\/#breadcrumb\",\"itemListElement\":[{\"@type\":\"ListItem\",\"position\":1,\"name\":\"Home\",\"item\":\"https:\/\/www.bottegadellearti.net\/it\/\"},{\"@type\":\"ListItem\",\"position\":2,\"name\":\"Chi siamo\"}]},{\"@type\":\"WebSite\",\"@id\":\"https:\/\/www.bottegadellearti.net\/it\/#website\",\"url\":\"https:\/\/www.bottegadellearti.net\/it\/\",\"name\":\"La Bottega delle Arti\",\"description\":\"\",\"potentialAction\":[{\"@type\":\"SearchAction\",\"target\":{\"@type\":\"EntryPoint\",\"urlTemplate\":\"https:\/\/www.bottegadellearti.net\/it\/?s={search_term_string}\"},\"query-input\":{\"@type\":\"PropertyValueSpecification\",\"valueRequired\":true,\"valueName\":\"search_term_string\"}}],\"inLanguage\":\"it-IT\"}]}<\/script>\n<!-- \/ Yoast SEO plugin. -->","yoast_head_json":{"title":"Chi siamo - La Bottega delle Arti","robots":{"index":"index","follow":"follow","max-snippet":"max-snippet:-1","max-image-preview":"max-image-preview:large","max-video-preview":"max-video-preview:-1"},"canonical":"https:\/\/www.bottegadellearti.net\/it\/chi-siamo\/","og_locale":"it_IT","og_type":"article","og_title":"Chi siamo - La Bottega delle Arti","og_description":"La Bottega delle Arti \u00e8 una creazione di Rosanna Buonocore, giovane imprenditrice nata in Costiera Amalfitana, ed \u00e8 il frutto della sua passione per la bellezza e qualit\u00e0 dei prodotti artigianali. Da sempre attiva in questo settore, Rosanna ha l&#8217;abilit\u00e0 di scoprire e di farvi apprezzare i prodotti pi\u00f9 raffinati[...]","og_url":"https:\/\/www.bottegadellearti.net\/it\/chi-siamo\/","og_site_name":"La Bottega delle Arti","article_modified_time":"2018-11-21T13:44:50+00:00","twitter_card":"summary_large_image","schema":{"@context":"https:\/\/schema.org","@graph":[{"@type":"WebPage","@id":"https:\/\/www.bottegadellearti.net\/it\/chi-siamo\/","url":"https:\/\/www.bottegadellearti.net\/it\/chi-siamo\/","name":"Chi siamo - La Bottega delle Arti","isPartOf":{"@id":"https:\/\/www.bottegadellearti.net\/it\/#website"},"datePublished":"2018-11-21T13:10:18+00:00","dateModified":"2018-11-21T13:44:50+00:00","breadcrumb":{"@id":"https:\/\/www.bottegadellearti.net\/it\/chi-siamo\/#breadcrumb"},"inLanguage":"it-IT","potentialAction":[{"@type":"ReadAction","target":["https:\/\/www.bottegadellearti.net\/it\/chi-siamo\/"]}]},{"@type":"BreadcrumbList","@id":"https:\/\/www.bottegadellearti.net\/it\/chi-siamo\/#breadcrumb","itemListElement":[{"@type":"ListItem","position":1,"name":"Home","item":"https:\/\/www.bottegadellearti.net\/it\/"},{"@type":"ListItem","position":2,"name":"Chi siamo"}]},{"@type":"WebSite","@id":"https:\/\/www.bottegadellearti.net\/it\/#website","url":"https:\/\/www.bottegadellearti.net\/it\/","name":"La Bottega delle Arti","description":"","potentialAction":[{"@type":"SearchAction","target":{"@type":"EntryPoint","urlTemplate":"https:\/\/www.bottegadellearti.net\/it\/?s={search_term_string}"},"query-input":{"@type":"PropertyValueSpecification","valueRequired":true,"valueName":"search_term_string"}}],"inLanguage":"it-IT"}]}},"_links":{"self":[{"href":"https:\/\/www.bottegadellearti.net\/it\/wp-json\/wp\/v2\/pages\/59"}],"collection":[{"href":"https:\/\/www.bottegadellearti.net\/it\/wp-json\/wp\/v2\/pages"}],"about":[{"href":"https:\/\/www.bottegadellearti.net\/it\/wp-json\/wp\/v2\/types\/page"}],"author":[{"embeddable":true,"href":"https:\/\/www.bottegadellearti.net\/it\/wp-json\/wp\/v2\/users\/2"}],"replies":[{"embeddable":true,"href":"https:\/\/www.bottegadellearti.net\/it\/wp-json\/wp\/v2\/comments?post=59"}],"version-history":[{"count":2,"href":"https:\/\/www.bottegadellearti.net\/it\/wp-json\/wp\/v2\/pages\/59\/revisions"}],"predecessor-version":[{"id":81,"href":"https:\/\/www.bottegadellearti.net\/it\/wp-json\/wp\/v2\/pages\/59\/revisions\/81"}],"wp:attachment":[{"href":"https:\/\/www.bottegadellearti.net\/it\/wp-json\/wp\/v2\/media?parent=59"}],"curies":[{"name":"wp","href":"https:\/\/api.w.org\/{rel}","templated":true}]}}