{"id":61,"date":"2018-11-21T13:10:56","date_gmt":"2018-11-21T13:10:56","guid":{"rendered":"https:\/\/bottegadellearti.net\/?page_id=61"},"modified":"2018-11-21T13:13:48","modified_gmt":"2018-11-21T13:13:48","slug":"dove-siamo","status":"publish","type":"page","link":"https:\/\/www.bottegadellearti.net\/it\/dove-siamo\/","title":{"rendered":"Dove siamo"},"content":{"rendered":"<p>Lo showroom \u00e8 a <strong>Ravello<\/strong>, una delle citt\u00e0 pi\u00f9 belle e popolari della Costa di Amalfi, celebre per le sue storiche Ville e per la stagione dei concerti.<\/p>\n<p>La <strong>Costiera Amalfitana<\/strong> \u00e8 la destinazione perfetta per chi vuole trascorrere una vacanza al mare senza dimenticare la cultura e lo shopping di qualit\u00e0.<\/p>\n<p><iframe loading=\"lazy\" src=\"https:\/\/www.google.com\/maps\/embed?pb=!1m18!1m12!1m3!1d3032.3120957388005!2d14.60955631540312!3d40.65004997933876!2m3!1f0!2f0!3f0!3m2!1i1024!2i768!4f13.1!3m3!1m2!1s0x0%3A0x7c552923db8f17f4!2sLa+Bottega+delle+Arti!5e1!3m2!1sen!2sit!4v1542805993222\" width=\"100%\" height=\"400\" frameborder=\"0\" style=\"border:0\" allowfullscreen><\/iframe><\/p>\n","protected":false},"excerpt":{"rendered":"<p>Lo showroom \u00e8 a Ravello, una delle citt\u00e0 pi\u00f9 belle e popolari della Costa di Amalfi, celebre per le sue storiche Ville e per la stagione dei concerti. La Costiera Amalfitana \u00e8 la destinazione perfetta per chi vuole trascorrere una vacanza al mare senza dimenticare la cultura e lo shopping[&#8230;]<\/p>\n","protected":false},"author":2,"featured_media":0,"parent":0,"menu_order":0,"comment_status":"closed","ping_status":"closed","template":"","meta":{"footnotes":""},"yoast_head":"<!-- This site is optimized with the Yoast SEO plugin v24.5 - https:\/\/yoast.com\/wordpress\/plugins\/seo\/ -->\n<title>Dove siamo - La Bottega delle Arti<\/title>\n<meta name=\"robots\" content=\"index, follow, max-snippet:-1, max-image-preview:large, max-video-preview:-1\" \/>\n<link rel=\"canonical\" href=\"https:\/\/www.bottegadellearti.net\/it\/dove-siamo\/\" \/>\n<meta property=\"og:locale\" content=\"it_IT\" \/>\n<meta property=\"og:type\" content=\"article\" \/>\n<meta property=\"og:title\" content=\"Dove siamo - La Bottega delle Arti\" \/>\n<meta property=\"og:description\" content=\"Lo showroom \u00e8 a Ravello, una delle citt\u00e0 pi\u00f9 belle e popolari della Costa di Amalfi, celebre per le sue storiche Ville e per la stagione dei concerti. La Costiera Amalfitana \u00e8 la destinazione perfetta per chi vuole trascorrere una vacanza al mare senza dimenticare la cultura e lo shopping[...]\" \/>\n<meta property=\"og:url\" content=\"https:\/\/www.bottegadellearti.net\/it\/dove-siamo\/\" \/>\n<meta property=\"og:site_name\" content=\"La Bottega delle Arti\" \/>\n<meta property=\"article:modified_time\" content=\"2018-11-21T13:13:48+00:00\" \/>\n<meta name=\"twitter:card\" content=\"summary_large_image\" \/>\n<script type=\"application\/ld+json\" class=\"yoast-schema-graph\">{\"@context\":\"https:\/\/schema.org\",\"@graph\":[{\"@type\":\"WebPage\",\"@id\":\"https:\/\/www.bottegadellearti.net\/it\/dove-siamo\/\",\"url\":\"https:\/\/www.bottegadellearti.net\/it\/dove-siamo\/\",\"name\":\"Dove siamo - La Bottega delle Arti\",\"isPartOf\":{\"@id\":\"https:\/\/www.bottegadellearti.net\/it\/#website\"},\"datePublished\":\"2018-11-21T13:10:56+00:00\",\"dateModified\":\"2018-11-21T13:13:48+00:00\",\"breadcrumb\":{\"@id\":\"https:\/\/www.bottegadellearti.net\/it\/dove-siamo\/#breadcrumb\"},\"inLanguage\":\"it-IT\",\"potentialAction\":[{\"@type\":\"ReadAction\",\"target\":[\"https:\/\/www.bottegadellearti.net\/it\/dove-siamo\/\"]}]},{\"@type\":\"BreadcrumbList\",\"@id\":\"https:\/\/www.bottegadellearti.net\/it\/dove-siamo\/#breadcrumb\",\"itemListElement\":[{\"@type\":\"ListItem\",\"position\":1,\"name\":\"Home\",\"item\":\"https:\/\/www.bottegadellearti.net\/it\/\"},{\"@type\":\"ListItem\",\"position\":2,\"name\":\"Dove siamo\"}]},{\"@type\":\"WebSite\",\"@id\":\"https:\/\/www.bottegadellearti.net\/it\/#website\",\"url\":\"https:\/\/www.bottegadellearti.net\/it\/\",\"name\":\"La Bottega delle Arti\",\"description\":\"\",\"potentialAction\":[{\"@type\":\"SearchAction\",\"target\":{\"@type\":\"EntryPoint\",\"urlTemplate\":\"https:\/\/www.bottegadellearti.net\/it\/?s={search_term_string}\"},\"query-input\":{\"@type\":\"PropertyValueSpecification\",\"valueRequired\":true,\"valueName\":\"search_term_string\"}}],\"inLanguage\":\"it-IT\"}]}<\/script>\n<!-- \/ Yoast SEO plugin. -->","yoast_head_json":{"title":"Dove siamo - La Bottega delle Arti","robots":{"index":"index","follow":"follow","max-snippet":"max-snippet:-1","max-image-preview":"max-image-preview:large","max-video-preview":"max-video-preview:-1"},"canonical":"https:\/\/www.bottegadellearti.net\/it\/dove-siamo\/","og_locale":"it_IT","og_type":"article","og_title":"Dove siamo - La Bottega delle Arti","og_description":"Lo showroom \u00e8 a Ravello, una delle citt\u00e0 pi\u00f9 belle e popolari della Costa di Amalfi, celebre per le sue storiche Ville e per la stagione dei concerti. La Costiera Amalfitana \u00e8 la destinazione perfetta per chi vuole trascorrere una vacanza al mare senza dimenticare la cultura e lo shopping[...]","og_url":"https:\/\/www.bottegadellearti.net\/it\/dove-siamo\/","og_site_name":"La Bottega delle Arti","article_modified_time":"2018-11-21T13:13:48+00:00","twitter_card":"summary_large_image","schema":{"@context":"https:\/\/schema.org","@graph":[{"@type":"WebPage","@id":"https:\/\/www.bottegadellearti.net\/it\/dove-siamo\/","url":"https:\/\/www.bottegadellearti.net\/it\/dove-siamo\/","name":"Dove siamo - La Bottega delle Arti","isPartOf":{"@id":"https:\/\/www.bottegadellearti.net\/it\/#website"},"datePublished":"2018-11-21T13:10:56+00:00","dateModified":"2018-11-21T13:13:48+00:00","breadcrumb":{"@id":"https:\/\/www.bottegadellearti.net\/it\/dove-siamo\/#breadcrumb"},"inLanguage":"it-IT","potentialAction":[{"@type":"ReadAction","target":["https:\/\/www.bottegadellearti.net\/it\/dove-siamo\/"]}]},{"@type":"BreadcrumbList","@id":"https:\/\/www.bottegadellearti.net\/it\/dove-siamo\/#breadcrumb","itemListElement":[{"@type":"ListItem","position":1,"name":"Home","item":"https:\/\/www.bottegadellearti.net\/it\/"},{"@type":"ListItem","position":2,"name":"Dove siamo"}]},{"@type":"WebSite","@id":"https:\/\/www.bottegadellearti.net\/it\/#website","url":"https:\/\/www.bottegadellearti.net\/it\/","name":"La Bottega delle Arti","description":"","potentialAction":[{"@type":"SearchAction","target":{"@type":"EntryPoint","urlTemplate":"https:\/\/www.bottegadellearti.net\/it\/?s={search_term_string}"},"query-input":{"@type":"PropertyValueSpecification","valueRequired":true,"valueName":"search_term_string"}}],"inLanguage":"it-IT"}]}},"_links":{"self":[{"href":"https:\/\/www.bottegadellearti.net\/it\/wp-json\/wp\/v2\/pages\/61"}],"collection":[{"href":"https:\/\/www.bottegadellearti.net\/it\/wp-json\/wp\/v2\/pages"}],"about":[{"href":"https:\/\/www.bottegadellearti.net\/it\/wp-json\/wp\/v2\/types\/page"}],"author":[{"embeddable":true,"href":"https:\/\/www.bottegadellearti.net\/it\/wp-json\/wp\/v2\/users\/2"}],"replies":[{"embeddable":true,"href":"https:\/\/www.bottegadellearti.net\/it\/wp-json\/wp\/v2\/comments?post=61"}],"version-history":[{"count":3,"href":"https:\/\/www.bottegadellearti.net\/it\/wp-json\/wp\/v2\/pages\/61\/revisions"}],"predecessor-version":[{"id":64,"href":"https:\/\/www.bottegadellearti.net\/it\/wp-json\/wp\/v2\/pages\/61\/revisions\/64"}],"wp:attachment":[{"href":"https:\/\/www.bottegadellearti.net\/it\/wp-json\/wp\/v2\/media?parent=61"}],"curies":[{"name":"wp","href":"https:\/\/api.w.org\/{rel}","templated":true}]}}