{"id":23238,"date":"2025-11-15T09:25:33","date_gmt":"2025-11-15T09:25:33","guid":{"rendered":"https:\/\/www.bottegadellearti.net\/?post_type=product&#038;p=23238"},"modified":"2025-11-15T09:25:34","modified_gmt":"2025-11-15T09:25:34","slug":"portagioie-con-vassoio-aurora","status":"publish","type":"product","link":"https:\/\/www.bottegadellearti.net\/it\/prodotto\/portagioie-con-vassoio-aurora\/","title":{"rendered":"Portagioie con Vassoio Aurora"},"content":{"rendered":"<p>Il portagioie Aurora coniuga l&#8217;eleganza classica con la raffinatezza moderna. Con il suo accattivante intarsio in legno aurora e le eleganti cerniere cromate, offre un mix senza tempo di fascino e stile contemporaneo. All&#8217;interno, godetevi il lussuoso interno in velluto beige, un rifugio perfetto per i vostri gioielli pi\u00f9 preziosi. Pi\u00f9 di una semplice scatola, Aurora Box \u00e8 la vostra compagna ideale nel mondo del lusso e della raffinatezza.<\/p>\n","protected":false},"excerpt":{"rendered":"<p>Dimensioni:Cm .L.18xL.18xH10<\/p>\n","protected":false},"featured_media":23239,"comment_status":"open","ping_status":"closed","template":"","meta":[],"product_cat":[382],"product_tag":[],"yoast_head":"<!-- This site is optimized with the Yoast SEO plugin v24.5 - https:\/\/yoast.com\/wordpress\/plugins\/seo\/ -->\n<title>Portagioie con Vassoio Aurora - La Bottega delle Arti<\/title>\n<meta name=\"robots\" content=\"index, follow, max-snippet:-1, max-image-preview:large, max-video-preview:-1\" \/>\n<link rel=\"canonical\" href=\"https:\/\/www.bottegadellearti.net\/it\/prodotto\/portagioie-con-vassoio-aurora\/\" \/>\n<meta property=\"og:locale\" content=\"it_IT\" \/>\n<meta property=\"og:type\" content=\"article\" \/>\n<meta property=\"og:title\" content=\"Portagioie con Vassoio Aurora - La Bottega delle Arti\" \/>\n<meta property=\"og:description\" content=\"Dimensioni:Cm .L.18xL.18xH10\" \/>\n<meta property=\"og:url\" content=\"https:\/\/www.bottegadellearti.net\/it\/prodotto\/portagioie-con-vassoio-aurora\/\" \/>\n<meta property=\"og:site_name\" content=\"La Bottega delle Arti\" \/>\n<meta property=\"article:modified_time\" content=\"2025-11-15T09:25:34+00:00\" \/>\n<meta property=\"og:image\" content=\"https:\/\/www.bottegadellearti.net\/wp-content\/uploads\/2025\/11\/918-Aurora-closed-v2-.webp\" \/>\n\t<meta property=\"og:image:width\" content=\"800\" \/>\n\t<meta property=\"og:image:height\" content=\"600\" \/>\n\t<meta property=\"og:image:type\" content=\"image\/webp\" \/>\n<meta name=\"twitter:card\" content=\"summary_large_image\" \/>\n<meta name=\"twitter:label1\" content=\"Tempo di lettura stimato\" \/>\n\t<meta name=\"twitter:data1\" content=\"1 minuto\" \/>\n<script type=\"application\/ld+json\" class=\"yoast-schema-graph\">{\"@context\":\"https:\/\/schema.org\",\"@graph\":[{\"@type\":\"WebPage\",\"@id\":\"https:\/\/www.bottegadellearti.net\/it\/prodotto\/portagioie-con-vassoio-aurora\/\",\"url\":\"https:\/\/www.bottegadellearti.net\/it\/prodotto\/portagioie-con-vassoio-aurora\/\",\"name\":\"Portagioie con Vassoio Aurora - La Bottega delle Arti\",\"isPartOf\":{\"@id\":\"https:\/\/www.bottegadellearti.net\/it\/#website\"},\"primaryImageOfPage\":{\"@id\":\"https:\/\/www.bottegadellearti.net\/it\/prodotto\/portagioie-con-vassoio-aurora\/#primaryimage\"},\"image\":{\"@id\":\"https:\/\/www.bottegadellearti.net\/it\/prodotto\/portagioie-con-vassoio-aurora\/#primaryimage\"},\"thumbnailUrl\":\"https:\/\/www.bottegadellearti.net\/wp-content\/uploads\/2025\/11\/918-Aurora-closed-v2-.webp\",\"datePublished\":\"2025-11-15T09:25:33+00:00\",\"dateModified\":\"2025-11-15T09:25:34+00:00\",\"breadcrumb\":{\"@id\":\"https:\/\/www.bottegadellearti.net\/it\/prodotto\/portagioie-con-vassoio-aurora\/#breadcrumb\"},\"inLanguage\":\"it-IT\",\"potentialAction\":[{\"@type\":\"ReadAction\",\"target\":[\"https:\/\/www.bottegadellearti.net\/it\/prodotto\/portagioie-con-vassoio-aurora\/\"]}]},{\"@type\":\"ImageObject\",\"inLanguage\":\"it-IT\",\"@id\":\"https:\/\/www.bottegadellearti.net\/it\/prodotto\/portagioie-con-vassoio-aurora\/#primaryimage\",\"url\":\"https:\/\/www.bottegadellearti.net\/wp-content\/uploads\/2025\/11\/918-Aurora-closed-v2-.webp\",\"contentUrl\":\"https:\/\/www.bottegadellearti.net\/wp-content\/uploads\/2025\/11\/918-Aurora-closed-v2-.webp\",\"width\":800,\"height\":600},{\"@type\":\"BreadcrumbList\",\"@id\":\"https:\/\/www.bottegadellearti.net\/it\/prodotto\/portagioie-con-vassoio-aurora\/#breadcrumb\",\"itemListElement\":[{\"@type\":\"ListItem\",\"position\":1,\"name\":\"Home\",\"item\":\"https:\/\/www.bottegadellearti.net\/it\/\"},{\"@type\":\"ListItem\",\"position\":2,\"name\":\"Shop\",\"item\":\"https:\/\/www.bottegadellearti.net\/it\/negozio\/\"},{\"@type\":\"ListItem\",\"position\":3,\"name\":\"Portagioie con Vassoio Aurora\"}]},{\"@type\":\"WebSite\",\"@id\":\"https:\/\/www.bottegadellearti.net\/it\/#website\",\"url\":\"https:\/\/www.bottegadellearti.net\/it\/\",\"name\":\"La Bottega delle Arti\",\"description\":\"\",\"potentialAction\":[{\"@type\":\"SearchAction\",\"target\":{\"@type\":\"EntryPoint\",\"urlTemplate\":\"https:\/\/www.bottegadellearti.net\/it\/?s={search_term_string}\"},\"query-input\":{\"@type\":\"PropertyValueSpecification\",\"valueRequired\":true,\"valueName\":\"search_term_string\"}}],\"inLanguage\":\"it-IT\"}]}<\/script>\n<!-- \/ Yoast SEO plugin. -->","yoast_head_json":{"title":"Portagioie con Vassoio Aurora - La Bottega delle Arti","robots":{"index":"index","follow":"follow","max-snippet":"max-snippet:-1","max-image-preview":"max-image-preview:large","max-video-preview":"max-video-preview:-1"},"canonical":"https:\/\/www.bottegadellearti.net\/it\/prodotto\/portagioie-con-vassoio-aurora\/","og_locale":"it_IT","og_type":"article","og_title":"Portagioie con Vassoio Aurora - La Bottega delle Arti","og_description":"Dimensioni:Cm .L.18xL.18xH10","og_url":"https:\/\/www.bottegadellearti.net\/it\/prodotto\/portagioie-con-vassoio-aurora\/","og_site_name":"La Bottega delle Arti","article_modified_time":"2025-11-15T09:25:34+00:00","og_image":[{"width":800,"height":600,"url":"https:\/\/www.bottegadellearti.net\/wp-content\/uploads\/2025\/11\/918-Aurora-closed-v2-.webp","type":"image\/webp"}],"twitter_card":"summary_large_image","twitter_misc":{"Tempo di lettura stimato":"1 minuto"},"schema":{"@context":"https:\/\/schema.org","@graph":[{"@type":"WebPage","@id":"https:\/\/www.bottegadellearti.net\/it\/prodotto\/portagioie-con-vassoio-aurora\/","url":"https:\/\/www.bottegadellearti.net\/it\/prodotto\/portagioie-con-vassoio-aurora\/","name":"Portagioie con Vassoio Aurora - La Bottega delle Arti","isPartOf":{"@id":"https:\/\/www.bottegadellearti.net\/it\/#website"},"primaryImageOfPage":{"@id":"https:\/\/www.bottegadellearti.net\/it\/prodotto\/portagioie-con-vassoio-aurora\/#primaryimage"},"image":{"@id":"https:\/\/www.bottegadellearti.net\/it\/prodotto\/portagioie-con-vassoio-aurora\/#primaryimage"},"thumbnailUrl":"https:\/\/www.bottegadellearti.net\/wp-content\/uploads\/2025\/11\/918-Aurora-closed-v2-.webp","datePublished":"2025-11-15T09:25:33+00:00","dateModified":"2025-11-15T09:25:34+00:00","breadcrumb":{"@id":"https:\/\/www.bottegadellearti.net\/it\/prodotto\/portagioie-con-vassoio-aurora\/#breadcrumb"},"inLanguage":"it-IT","potentialAction":[{"@type":"ReadAction","target":["https:\/\/www.bottegadellearti.net\/it\/prodotto\/portagioie-con-vassoio-aurora\/"]}]},{"@type":"ImageObject","inLanguage":"it-IT","@id":"https:\/\/www.bottegadellearti.net\/it\/prodotto\/portagioie-con-vassoio-aurora\/#primaryimage","url":"https:\/\/www.bottegadellearti.net\/wp-content\/uploads\/2025\/11\/918-Aurora-closed-v2-.webp","contentUrl":"https:\/\/www.bottegadellearti.net\/wp-content\/uploads\/2025\/11\/918-Aurora-closed-v2-.webp","width":800,"height":600},{"@type":"BreadcrumbList","@id":"https:\/\/www.bottegadellearti.net\/it\/prodotto\/portagioie-con-vassoio-aurora\/#breadcrumb","itemListElement":[{"@type":"ListItem","position":1,"name":"Home","item":"https:\/\/www.bottegadellearti.net\/it\/"},{"@type":"ListItem","position":2,"name":"Shop","item":"https:\/\/www.bottegadellearti.net\/it\/negozio\/"},{"@type":"ListItem","position":3,"name":"Portagioie con Vassoio Aurora"}]},{"@type":"WebSite","@id":"https:\/\/www.bottegadellearti.net\/it\/#website","url":"https:\/\/www.bottegadellearti.net\/it\/","name":"La Bottega delle Arti","description":"","potentialAction":[{"@type":"SearchAction","target":{"@type":"EntryPoint","urlTemplate":"https:\/\/www.bottegadellearti.net\/it\/?s={search_term_string}"},"query-input":{"@type":"PropertyValueSpecification","valueRequired":true,"valueName":"search_term_string"}}],"inLanguage":"it-IT"}]}},"_links":{"self":[{"href":"https:\/\/www.bottegadellearti.net\/it\/wp-json\/wp\/v2\/product\/23238"}],"collection":[{"href":"https:\/\/www.bottegadellearti.net\/it\/wp-json\/wp\/v2\/product"}],"about":[{"href":"https:\/\/www.bottegadellearti.net\/it\/wp-json\/wp\/v2\/types\/product"}],"replies":[{"embeddable":true,"href":"https:\/\/www.bottegadellearti.net\/it\/wp-json\/wp\/v2\/comments?post=23238"}],"wp:featuredmedia":[{"embeddable":true,"href":"https:\/\/www.bottegadellearti.net\/it\/wp-json\/wp\/v2\/media\/23239"}],"wp:attachment":[{"href":"https:\/\/www.bottegadellearti.net\/it\/wp-json\/wp\/v2\/media?parent=23238"}],"wp:term":[{"taxonomy":"product_cat","embeddable":true,"href":"https:\/\/www.bottegadellearti.net\/it\/wp-json\/wp\/v2\/product_cat?post=23238"},{"taxonomy":"product_tag","embeddable":true,"href":"https:\/\/www.bottegadellearti.net\/it\/wp-json\/wp\/v2\/product_tag?post=23238"}],"curies":[{"name":"wp","href":"https:\/\/api.w.org\/{rel}","templated":true}]}}