{"id":882,"date":"2019-02-16T14:23:42","date_gmt":"2019-02-16T14:23:42","guid":{"rendered":"https:\/\/bottegadellearti.net\/?post_type=product&#038;p=882"},"modified":"2025-11-13T15:02:19","modified_gmt":"2025-11-13T15:02:19","slug":"backgammon","status":"publish","type":"product","link":"https:\/\/www.bottegadellearti.net\/it\/prodotto\/backgammon\/","title":{"rendered":"Backgammon Sofia"},"content":{"rendered":"<p>Design elegante:<br \/>\nIl set da backgammon Luxury presenta un motivo intarsiato intricato all&#8217;esterno, che mette in risalto la bellezza naturale del legno. La scacchiera \u00e8 progettata per assomigliare a una valigetta, offrendo una soluzione sofisticata e portatile per gli appassionati di backgammon. Il legno pregiato e lucidato \u00e8 impreziosito da cerniere dorate, che aggiungono un tocco di opulenza e ne garantiscono la durevolezza.<br \/>\nMaestria artigianale di alto livello:<br \/>\nAprendo il set da backgammon  Luxury, si viene accolti da un interno dal design curato nei minimi dettagli. L&#8217;interno della scacchiera include spazi dedicati per riporre ordinatamente tutti i pezzi del backgammon, garantendone la conservazione sicura quando non vengono utilizzati.<br \/>\nEccellenza artigianale<br \/>\nOgni aspetto del set da backgammon  Luxury \u00e8 completamente realizzato a mano da abili artigiani. La maestria artigianale impiegata nella creazione di questo set da backgammon garantisce che ogni pezzo sia unico, con un livello di dettaglio e qualit\u00e0 ineguagliabile rispetto alle alternative prodotte in serie. Il set di backgammon di lusso  \u00e8 pi\u00f9 di una semplice tavola da backgammon: \u00e8 un&#8217;opera d&#8217;arte che arricchisce l&#8217;esperienza di gioco. Che si tratti di un&#8217;aggiunta di lusso alla tua collezione di giochi o di un regalo premuroso per una persona cara.<\/p>\n","protected":false},"excerpt":{"rendered":"<p>Dimensioni Cm.L.47 x L.30 x H.7<\/p>\n","protected":false},"featured_media":883,"comment_status":"open","ping_status":"closed","template":"","meta":[],"product_cat":[25,74,309],"product_tag":[44,73],"yoast_head":"<!-- This site is optimized with the Yoast SEO plugin v24.5 - https:\/\/yoast.com\/wordpress\/plugins\/seo\/ -->\n<title>Backgammon Sofia - La Bottega delle Arti<\/title>\n<meta name=\"robots\" content=\"index, follow, max-snippet:-1, max-image-preview:large, max-video-preview:-1\" \/>\n<link rel=\"canonical\" href=\"https:\/\/www.bottegadellearti.net\/it\/prodotto\/backgammon\/\" \/>\n<meta property=\"og:locale\" content=\"it_IT\" \/>\n<meta property=\"og:type\" content=\"article\" \/>\n<meta property=\"og:title\" content=\"Backgammon Sofia - La Bottega delle Arti\" \/>\n<meta property=\"og:description\" content=\"Dimensioni Cm.L.47 x L.30 x H.7\" \/>\n<meta property=\"og:url\" content=\"https:\/\/www.bottegadellearti.net\/it\/prodotto\/backgammon\/\" \/>\n<meta property=\"og:site_name\" content=\"La Bottega delle Arti\" \/>\n<meta property=\"article:modified_time\" content=\"2025-11-13T15:02:19+00:00\" \/>\n<meta property=\"og:image\" content=\"https:\/\/www.bottegadellearti.net\/wp-content\/uploads\/2019\/02\/Sophia-648.jpg\" \/>\n\t<meta property=\"og:image:width\" content=\"1500\" \/>\n\t<meta property=\"og:image:height\" content=\"1500\" \/>\n\t<meta property=\"og:image:type\" content=\"image\/jpeg\" \/>\n<meta name=\"twitter:card\" content=\"summary_large_image\" \/>\n<meta name=\"twitter:label1\" content=\"Tempo di lettura stimato\" \/>\n\t<meta name=\"twitter:data1\" content=\"2 minuti\" \/>\n<script type=\"application\/ld+json\" class=\"yoast-schema-graph\">{\"@context\":\"https:\/\/schema.org\",\"@graph\":[{\"@type\":\"WebPage\",\"@id\":\"https:\/\/www.bottegadellearti.net\/it\/prodotto\/backgammon\/\",\"url\":\"https:\/\/www.bottegadellearti.net\/it\/prodotto\/backgammon\/\",\"name\":\"Backgammon Sofia - La Bottega delle Arti\",\"isPartOf\":{\"@id\":\"https:\/\/www.bottegadellearti.net\/it\/#website\"},\"primaryImageOfPage\":{\"@id\":\"https:\/\/www.bottegadellearti.net\/it\/prodotto\/backgammon\/#primaryimage\"},\"image\":{\"@id\":\"https:\/\/www.bottegadellearti.net\/it\/prodotto\/backgammon\/#primaryimage\"},\"thumbnailUrl\":\"https:\/\/www.bottegadellearti.net\/wp-content\/uploads\/2019\/02\/Sophia-648.jpg\",\"datePublished\":\"2019-02-16T14:23:42+00:00\",\"dateModified\":\"2025-11-13T15:02:19+00:00\",\"breadcrumb\":{\"@id\":\"https:\/\/www.bottegadellearti.net\/it\/prodotto\/backgammon\/#breadcrumb\"},\"inLanguage\":\"it-IT\",\"potentialAction\":[{\"@type\":\"ReadAction\",\"target\":[\"https:\/\/www.bottegadellearti.net\/it\/prodotto\/backgammon\/\"]}]},{\"@type\":\"ImageObject\",\"inLanguage\":\"it-IT\",\"@id\":\"https:\/\/www.bottegadellearti.net\/it\/prodotto\/backgammon\/#primaryimage\",\"url\":\"https:\/\/www.bottegadellearti.net\/wp-content\/uploads\/2019\/02\/Sophia-648.jpg\",\"contentUrl\":\"https:\/\/www.bottegadellearti.net\/wp-content\/uploads\/2019\/02\/Sophia-648.jpg\",\"width\":1500,\"height\":1500},{\"@type\":\"BreadcrumbList\",\"@id\":\"https:\/\/www.bottegadellearti.net\/it\/prodotto\/backgammon\/#breadcrumb\",\"itemListElement\":[{\"@type\":\"ListItem\",\"position\":1,\"name\":\"Home\",\"item\":\"https:\/\/www.bottegadellearti.net\/it\/\"},{\"@type\":\"ListItem\",\"position\":2,\"name\":\"Shop\",\"item\":\"https:\/\/www.bottegadellearti.net\/it\/negozio\/\"},{\"@type\":\"ListItem\",\"position\":3,\"name\":\"Backgammon Sofia\"}]},{\"@type\":\"WebSite\",\"@id\":\"https:\/\/www.bottegadellearti.net\/it\/#website\",\"url\":\"https:\/\/www.bottegadellearti.net\/it\/\",\"name\":\"La Bottega delle Arti\",\"description\":\"\",\"potentialAction\":[{\"@type\":\"SearchAction\",\"target\":{\"@type\":\"EntryPoint\",\"urlTemplate\":\"https:\/\/www.bottegadellearti.net\/it\/?s={search_term_string}\"},\"query-input\":{\"@type\":\"PropertyValueSpecification\",\"valueRequired\":true,\"valueName\":\"search_term_string\"}}],\"inLanguage\":\"it-IT\"}]}<\/script>\n<!-- \/ Yoast SEO plugin. -->","yoast_head_json":{"title":"Backgammon Sofia - La Bottega delle Arti","robots":{"index":"index","follow":"follow","max-snippet":"max-snippet:-1","max-image-preview":"max-image-preview:large","max-video-preview":"max-video-preview:-1"},"canonical":"https:\/\/www.bottegadellearti.net\/it\/prodotto\/backgammon\/","og_locale":"it_IT","og_type":"article","og_title":"Backgammon Sofia - La Bottega delle Arti","og_description":"Dimensioni Cm.L.47 x L.30 x H.7","og_url":"https:\/\/www.bottegadellearti.net\/it\/prodotto\/backgammon\/","og_site_name":"La Bottega delle Arti","article_modified_time":"2025-11-13T15:02:19+00:00","og_image":[{"width":1500,"height":1500,"url":"https:\/\/www.bottegadellearti.net\/wp-content\/uploads\/2019\/02\/Sophia-648.jpg","type":"image\/jpeg"}],"twitter_card":"summary_large_image","twitter_misc":{"Tempo di lettura stimato":"2 minuti"},"schema":{"@context":"https:\/\/schema.org","@graph":[{"@type":"WebPage","@id":"https:\/\/www.bottegadellearti.net\/it\/prodotto\/backgammon\/","url":"https:\/\/www.bottegadellearti.net\/it\/prodotto\/backgammon\/","name":"Backgammon Sofia - La Bottega delle Arti","isPartOf":{"@id":"https:\/\/www.bottegadellearti.net\/it\/#website"},"primaryImageOfPage":{"@id":"https:\/\/www.bottegadellearti.net\/it\/prodotto\/backgammon\/#primaryimage"},"image":{"@id":"https:\/\/www.bottegadellearti.net\/it\/prodotto\/backgammon\/#primaryimage"},"thumbnailUrl":"https:\/\/www.bottegadellearti.net\/wp-content\/uploads\/2019\/02\/Sophia-648.jpg","datePublished":"2019-02-16T14:23:42+00:00","dateModified":"2025-11-13T15:02:19+00:00","breadcrumb":{"@id":"https:\/\/www.bottegadellearti.net\/it\/prodotto\/backgammon\/#breadcrumb"},"inLanguage":"it-IT","potentialAction":[{"@type":"ReadAction","target":["https:\/\/www.bottegadellearti.net\/it\/prodotto\/backgammon\/"]}]},{"@type":"ImageObject","inLanguage":"it-IT","@id":"https:\/\/www.bottegadellearti.net\/it\/prodotto\/backgammon\/#primaryimage","url":"https:\/\/www.bottegadellearti.net\/wp-content\/uploads\/2019\/02\/Sophia-648.jpg","contentUrl":"https:\/\/www.bottegadellearti.net\/wp-content\/uploads\/2019\/02\/Sophia-648.jpg","width":1500,"height":1500},{"@type":"BreadcrumbList","@id":"https:\/\/www.bottegadellearti.net\/it\/prodotto\/backgammon\/#breadcrumb","itemListElement":[{"@type":"ListItem","position":1,"name":"Home","item":"https:\/\/www.bottegadellearti.net\/it\/"},{"@type":"ListItem","position":2,"name":"Shop","item":"https:\/\/www.bottegadellearti.net\/it\/negozio\/"},{"@type":"ListItem","position":3,"name":"Backgammon Sofia"}]},{"@type":"WebSite","@id":"https:\/\/www.bottegadellearti.net\/it\/#website","url":"https:\/\/www.bottegadellearti.net\/it\/","name":"La Bottega delle Arti","description":"","potentialAction":[{"@type":"SearchAction","target":{"@type":"EntryPoint","urlTemplate":"https:\/\/www.bottegadellearti.net\/it\/?s={search_term_string}"},"query-input":{"@type":"PropertyValueSpecification","valueRequired":true,"valueName":"search_term_string"}}],"inLanguage":"it-IT"}]}},"_links":{"self":[{"href":"https:\/\/www.bottegadellearti.net\/it\/wp-json\/wp\/v2\/product\/882"}],"collection":[{"href":"https:\/\/www.bottegadellearti.net\/it\/wp-json\/wp\/v2\/product"}],"about":[{"href":"https:\/\/www.bottegadellearti.net\/it\/wp-json\/wp\/v2\/types\/product"}],"replies":[{"embeddable":true,"href":"https:\/\/www.bottegadellearti.net\/it\/wp-json\/wp\/v2\/comments?post=882"}],"wp:featuredmedia":[{"embeddable":true,"href":"https:\/\/www.bottegadellearti.net\/it\/wp-json\/wp\/v2\/media\/883"}],"wp:attachment":[{"href":"https:\/\/www.bottegadellearti.net\/it\/wp-json\/wp\/v2\/media?parent=882"}],"wp:term":[{"taxonomy":"product_cat","embeddable":true,"href":"https:\/\/www.bottegadellearti.net\/it\/wp-json\/wp\/v2\/product_cat?post=882"},{"taxonomy":"product_tag","embeddable":true,"href":"https:\/\/www.bottegadellearti.net\/it\/wp-json\/wp\/v2\/product_tag?post=882"}],"curies":[{"name":"wp","href":"https:\/\/api.w.org\/{rel}","templated":true}]}}