{"id":896,"date":"2019-02-16T14:53:24","date_gmt":"2019-02-16T14:53:24","guid":{"rendered":"https:\/\/bottegadellearti.net\/?post_type=product&#038;p=896"},"modified":"2025-11-13T15:13:14","modified_gmt":"2025-11-13T15:13:14","slug":"scacchi","status":"publish","type":"product","link":"https:\/\/www.bottegadellearti.net\/it\/prodotto\/scacchi\/","title":{"rendered":"Scacchiera Zag"},"content":{"rendered":"<p>Scacchiera Zag: gioca con stile<br \/>\nLa Scacchiera in legno \u00e8 uno squisito esempio di artigianato e maestria, che mette in mostra l&#8217;intricata tecnica dell&#8217;intarsio. Realizzata a mano con meticolosa attenzione ai dettagli, questa scacchiera non rappresenta solo un oggetto funzionale, ma un&#8217;opera d&#8217;arte che incarna tradizione, lusso e raffinatezza.<br \/>\nArtigianato e tecnica di intarsio<br \/>\nLa caratteristica distintiva della Scacchiera \u00e8 il suo design intarsiato. L&#8217;intarsio, o intarsio, prevede l&#8217;incastonatura di pezzi di materiali come legno, metallo o persino conchiglie su una superficie di base per creare motivi e immagini intricati. Questa tecnica richiede abilit\u00e0 e precisione eccezionali, poich\u00e9 ogni pezzo deve adattarsi perfettamente per formare un design armonioso e di grande bellezza.<br \/>\nGli artigiani che realizzano la scatola per gli scacchi in legno utilizzano metodi tradizionali, garantendo che ogni scatola sia unica. Gli intricati motivi sulla scatola riflettono un mix di precisione geometrica e talento artistico, spesso con motivi ispirati alla natura, alla storia o a simboli culturali. La maestria artigianale coinvolta nella creazione di questi motivi testimonia una profonda conoscenza sia dei materiali che delle tecniche, rendendo ogni scatola un capolavoro.<br \/>\nMateriali ed elementi di design<br \/>\nLa scatola per gli scacchi \u00e8 realizzata in legno di alta qualit\u00e0, selezionato per la sua durevolezza e il suo fascino estetico. La ricchezza delle venature del legno \u00e8 esaltata dai disegni intarsiati, che possono incorporare legni o altri materiali a contrasto per creare un effetto visivo sorprendente. Le cerniere dorate aggiungono un tocco di eleganza, garantendo un&#8217;apertura e una chiusura fluide e fungendo anche da elemento decorativo che completa il design generale.<br \/>\nFunzionalit\u00e0 e sicurezza<br \/>\nOltre al suo fascino estetico, la scatola per gli scacchi \u00e8 progettata per la funzionalit\u00e0. \u00c8 dotata di un meccanismo di chiusura di sicurezza, completo di chiave dedicata. Questo garantisce che i pezzi degli scacchi riposti al suo interno siano al sicuro e protetti da danni o perdite. La possibilit\u00e0 di chiudere a chiave la scatola aggiunge un ulteriore livello di sicurezza, rendendola una scelta adatta per collezionisti e appassionati che danno valore ai loro set di scacchi tanto quanto alla scatola stessa.<\/p>\n","protected":false},"excerpt":{"rendered":"<p>Dimensioni: Cm.L.39 x L.39 x H.10<\/p>\n","protected":false},"featured_media":871,"comment_status":"open","ping_status":"closed","template":"","meta":[],"product_cat":[25,75,61],"product_tag":[40,62,73],"yoast_head":"<!-- This site is optimized with the Yoast SEO plugin v24.5 - https:\/\/yoast.com\/wordpress\/plugins\/seo\/ -->\n<title>Scacchiera Zag - La Bottega delle Arti<\/title>\n<meta name=\"robots\" content=\"index, follow, max-snippet:-1, max-image-preview:large, max-video-preview:-1\" \/>\n<link rel=\"canonical\" href=\"https:\/\/www.bottegadellearti.net\/it\/prodotto\/scacchi\/\" \/>\n<meta property=\"og:locale\" content=\"it_IT\" \/>\n<meta property=\"og:type\" content=\"article\" \/>\n<meta property=\"og:title\" content=\"Scacchiera Zag - La Bottega delle Arti\" \/>\n<meta property=\"og:description\" content=\"Dimensioni: Cm.L.39 x L.39 x H.10\" \/>\n<meta property=\"og:url\" content=\"https:\/\/www.bottegadellearti.net\/it\/prodotto\/scacchi\/\" \/>\n<meta property=\"og:site_name\" content=\"La Bottega delle Arti\" \/>\n<meta property=\"article:modified_time\" content=\"2025-11-13T15:13:14+00:00\" \/>\n<meta property=\"og:image\" content=\"https:\/\/www.bottegadellearti.net\/wp-content\/uploads\/2019\/02\/Zag-339.jpg\" \/>\n\t<meta property=\"og:image:width\" content=\"1500\" \/>\n\t<meta property=\"og:image:height\" content=\"1500\" \/>\n\t<meta property=\"og:image:type\" content=\"image\/jpeg\" \/>\n<meta name=\"twitter:card\" content=\"summary_large_image\" \/>\n<meta name=\"twitter:label1\" content=\"Tempo di lettura stimato\" \/>\n\t<meta name=\"twitter:data1\" content=\"1 minuto\" \/>\n<script type=\"application\/ld+json\" class=\"yoast-schema-graph\">{\"@context\":\"https:\/\/schema.org\",\"@graph\":[{\"@type\":\"WebPage\",\"@id\":\"https:\/\/www.bottegadellearti.net\/it\/prodotto\/scacchi\/\",\"url\":\"https:\/\/www.bottegadellearti.net\/it\/prodotto\/scacchi\/\",\"name\":\"Scacchiera Zag - La Bottega delle Arti\",\"isPartOf\":{\"@id\":\"https:\/\/www.bottegadellearti.net\/it\/#website\"},\"primaryImageOfPage\":{\"@id\":\"https:\/\/www.bottegadellearti.net\/it\/prodotto\/scacchi\/#primaryimage\"},\"image\":{\"@id\":\"https:\/\/www.bottegadellearti.net\/it\/prodotto\/scacchi\/#primaryimage\"},\"thumbnailUrl\":\"https:\/\/www.bottegadellearti.net\/wp-content\/uploads\/2019\/02\/Zag-339.jpg\",\"datePublished\":\"2019-02-16T14:53:24+00:00\",\"dateModified\":\"2025-11-13T15:13:14+00:00\",\"breadcrumb\":{\"@id\":\"https:\/\/www.bottegadellearti.net\/it\/prodotto\/scacchi\/#breadcrumb\"},\"inLanguage\":\"it-IT\",\"potentialAction\":[{\"@type\":\"ReadAction\",\"target\":[\"https:\/\/www.bottegadellearti.net\/it\/prodotto\/scacchi\/\"]}]},{\"@type\":\"ImageObject\",\"inLanguage\":\"it-IT\",\"@id\":\"https:\/\/www.bottegadellearti.net\/it\/prodotto\/scacchi\/#primaryimage\",\"url\":\"https:\/\/www.bottegadellearti.net\/wp-content\/uploads\/2019\/02\/Zag-339.jpg\",\"contentUrl\":\"https:\/\/www.bottegadellearti.net\/wp-content\/uploads\/2019\/02\/Zag-339.jpg\",\"width\":1500,\"height\":1500},{\"@type\":\"BreadcrumbList\",\"@id\":\"https:\/\/www.bottegadellearti.net\/it\/prodotto\/scacchi\/#breadcrumb\",\"itemListElement\":[{\"@type\":\"ListItem\",\"position\":1,\"name\":\"Home\",\"item\":\"https:\/\/www.bottegadellearti.net\/it\/\"},{\"@type\":\"ListItem\",\"position\":2,\"name\":\"Shop\",\"item\":\"https:\/\/www.bottegadellearti.net\/it\/negozio\/\"},{\"@type\":\"ListItem\",\"position\":3,\"name\":\"Scacchiera Zag\"}]},{\"@type\":\"WebSite\",\"@id\":\"https:\/\/www.bottegadellearti.net\/it\/#website\",\"url\":\"https:\/\/www.bottegadellearti.net\/it\/\",\"name\":\"La Bottega delle Arti\",\"description\":\"\",\"potentialAction\":[{\"@type\":\"SearchAction\",\"target\":{\"@type\":\"EntryPoint\",\"urlTemplate\":\"https:\/\/www.bottegadellearti.net\/it\/?s={search_term_string}\"},\"query-input\":{\"@type\":\"PropertyValueSpecification\",\"valueRequired\":true,\"valueName\":\"search_term_string\"}}],\"inLanguage\":\"it-IT\"}]}<\/script>\n<!-- \/ Yoast SEO plugin. -->","yoast_head_json":{"title":"Scacchiera Zag - La Bottega delle Arti","robots":{"index":"index","follow":"follow","max-snippet":"max-snippet:-1","max-image-preview":"max-image-preview:large","max-video-preview":"max-video-preview:-1"},"canonical":"https:\/\/www.bottegadellearti.net\/it\/prodotto\/scacchi\/","og_locale":"it_IT","og_type":"article","og_title":"Scacchiera Zag - La Bottega delle Arti","og_description":"Dimensioni: Cm.L.39 x L.39 x H.10","og_url":"https:\/\/www.bottegadellearti.net\/it\/prodotto\/scacchi\/","og_site_name":"La Bottega delle Arti","article_modified_time":"2025-11-13T15:13:14+00:00","og_image":[{"width":1500,"height":1500,"url":"https:\/\/www.bottegadellearti.net\/wp-content\/uploads\/2019\/02\/Zag-339.jpg","type":"image\/jpeg"}],"twitter_card":"summary_large_image","twitter_misc":{"Tempo di lettura stimato":"1 minuto"},"schema":{"@context":"https:\/\/schema.org","@graph":[{"@type":"WebPage","@id":"https:\/\/www.bottegadellearti.net\/it\/prodotto\/scacchi\/","url":"https:\/\/www.bottegadellearti.net\/it\/prodotto\/scacchi\/","name":"Scacchiera Zag - La Bottega delle Arti","isPartOf":{"@id":"https:\/\/www.bottegadellearti.net\/it\/#website"},"primaryImageOfPage":{"@id":"https:\/\/www.bottegadellearti.net\/it\/prodotto\/scacchi\/#primaryimage"},"image":{"@id":"https:\/\/www.bottegadellearti.net\/it\/prodotto\/scacchi\/#primaryimage"},"thumbnailUrl":"https:\/\/www.bottegadellearti.net\/wp-content\/uploads\/2019\/02\/Zag-339.jpg","datePublished":"2019-02-16T14:53:24+00:00","dateModified":"2025-11-13T15:13:14+00:00","breadcrumb":{"@id":"https:\/\/www.bottegadellearti.net\/it\/prodotto\/scacchi\/#breadcrumb"},"inLanguage":"it-IT","potentialAction":[{"@type":"ReadAction","target":["https:\/\/www.bottegadellearti.net\/it\/prodotto\/scacchi\/"]}]},{"@type":"ImageObject","inLanguage":"it-IT","@id":"https:\/\/www.bottegadellearti.net\/it\/prodotto\/scacchi\/#primaryimage","url":"https:\/\/www.bottegadellearti.net\/wp-content\/uploads\/2019\/02\/Zag-339.jpg","contentUrl":"https:\/\/www.bottegadellearti.net\/wp-content\/uploads\/2019\/02\/Zag-339.jpg","width":1500,"height":1500},{"@type":"BreadcrumbList","@id":"https:\/\/www.bottegadellearti.net\/it\/prodotto\/scacchi\/#breadcrumb","itemListElement":[{"@type":"ListItem","position":1,"name":"Home","item":"https:\/\/www.bottegadellearti.net\/it\/"},{"@type":"ListItem","position":2,"name":"Shop","item":"https:\/\/www.bottegadellearti.net\/it\/negozio\/"},{"@type":"ListItem","position":3,"name":"Scacchiera Zag"}]},{"@type":"WebSite","@id":"https:\/\/www.bottegadellearti.net\/it\/#website","url":"https:\/\/www.bottegadellearti.net\/it\/","name":"La Bottega delle Arti","description":"","potentialAction":[{"@type":"SearchAction","target":{"@type":"EntryPoint","urlTemplate":"https:\/\/www.bottegadellearti.net\/it\/?s={search_term_string}"},"query-input":{"@type":"PropertyValueSpecification","valueRequired":true,"valueName":"search_term_string"}}],"inLanguage":"it-IT"}]}},"_links":{"self":[{"href":"https:\/\/www.bottegadellearti.net\/it\/wp-json\/wp\/v2\/product\/896"}],"collection":[{"href":"https:\/\/www.bottegadellearti.net\/it\/wp-json\/wp\/v2\/product"}],"about":[{"href":"https:\/\/www.bottegadellearti.net\/it\/wp-json\/wp\/v2\/types\/product"}],"replies":[{"embeddable":true,"href":"https:\/\/www.bottegadellearti.net\/it\/wp-json\/wp\/v2\/comments?post=896"}],"wp:featuredmedia":[{"embeddable":true,"href":"https:\/\/www.bottegadellearti.net\/it\/wp-json\/wp\/v2\/media\/871"}],"wp:attachment":[{"href":"https:\/\/www.bottegadellearti.net\/it\/wp-json\/wp\/v2\/media?parent=896"}],"wp:term":[{"taxonomy":"product_cat","embeddable":true,"href":"https:\/\/www.bottegadellearti.net\/it\/wp-json\/wp\/v2\/product_cat?post=896"},{"taxonomy":"product_tag","embeddable":true,"href":"https:\/\/www.bottegadellearti.net\/it\/wp-json\/wp\/v2\/product_tag?post=896"}],"curies":[{"name":"wp","href":"https:\/\/api.w.org\/{rel}","templated":true}]}}