{"id":900,"date":"2019-02-16T15:02:52","date_gmt":"2019-02-16T15:02:52","guid":{"rendered":"https:\/\/bottegadellearti.net\/?post_type=product&#038;p=900"},"modified":"2025-11-22T10:56:59","modified_gmt":"2025-11-22T10:56:59","slug":"scacchi-columbus","status":"publish","type":"product","link":"https:\/\/www.bottegadellearti.net\/it\/prodotto\/scacchi-columbus\/","title":{"rendered":"Scacchiera Columbus"},"content":{"rendered":"<p>La scatola degli scacchi Columbus \u00e8 realizzata in legno di alta qualit\u00e0, selezionato per la sua durevolezza e il suo fascino estetico. La ricchezza delle venature del legno \u00e8 esaltata dai decori intarsiati, che possono incorporare legni o altri materiali a contrasto per creare un effetto visivo sorprendente. Le cerniere dorate aggiungono un tocco di eleganza, garantendo un&#8217;apertura e una chiusura fluide e fungendo anche da elemento decorativo che completa il design generale.<\/p>\n","protected":false},"excerpt":{"rendered":"<p>Dimensioni Cm.L.39 x L.39 x H.10<\/p>\n","protected":false},"featured_media":901,"comment_status":"open","ping_status":"closed","template":"","meta":[],"product_cat":[25,77,61],"product_tag":[62,73],"yoast_head":"<!-- This site is optimized with the Yoast SEO plugin v24.5 - https:\/\/yoast.com\/wordpress\/plugins\/seo\/ -->\n<title>Scacchiera Columbus - La Bottega delle Arti<\/title>\n<meta name=\"robots\" content=\"index, follow, max-snippet:-1, max-image-preview:large, max-video-preview:-1\" \/>\n<link rel=\"canonical\" href=\"https:\/\/www.bottegadellearti.net\/it\/prodotto\/scacchi-columbus\/\" \/>\n<meta property=\"og:locale\" content=\"it_IT\" \/>\n<meta property=\"og:type\" content=\"article\" \/>\n<meta property=\"og:title\" content=\"Scacchiera Columbus - La Bottega delle Arti\" \/>\n<meta property=\"og:description\" content=\"Dimensioni Cm.L.39 x L.39 x H.10\" \/>\n<meta property=\"og:url\" content=\"https:\/\/www.bottegadellearti.net\/it\/prodotto\/scacchi-columbus\/\" \/>\n<meta property=\"og:site_name\" content=\"La Bottega delle Arti\" \/>\n<meta property=\"article:modified_time\" content=\"2025-11-22T10:56:59+00:00\" \/>\n<meta property=\"og:image\" content=\"https:\/\/www.bottegadellearti.net\/wp-content\/uploads\/2019\/02\/Columbus-339-1.jpg\" \/>\n\t<meta property=\"og:image:width\" content=\"1500\" \/>\n\t<meta property=\"og:image:height\" content=\"1500\" \/>\n\t<meta property=\"og:image:type\" content=\"image\/jpeg\" \/>\n<meta name=\"twitter:card\" content=\"summary_large_image\" \/>\n<meta name=\"twitter:label1\" content=\"Tempo di lettura stimato\" \/>\n\t<meta name=\"twitter:data1\" content=\"1 minuto\" \/>\n<script type=\"application\/ld+json\" class=\"yoast-schema-graph\">{\"@context\":\"https:\/\/schema.org\",\"@graph\":[{\"@type\":\"WebPage\",\"@id\":\"https:\/\/www.bottegadellearti.net\/it\/prodotto\/scacchi-columbus\/\",\"url\":\"https:\/\/www.bottegadellearti.net\/it\/prodotto\/scacchi-columbus\/\",\"name\":\"Scacchiera Columbus - La Bottega delle Arti\",\"isPartOf\":{\"@id\":\"https:\/\/www.bottegadellearti.net\/it\/#website\"},\"primaryImageOfPage\":{\"@id\":\"https:\/\/www.bottegadellearti.net\/it\/prodotto\/scacchi-columbus\/#primaryimage\"},\"image\":{\"@id\":\"https:\/\/www.bottegadellearti.net\/it\/prodotto\/scacchi-columbus\/#primaryimage\"},\"thumbnailUrl\":\"https:\/\/www.bottegadellearti.net\/wp-content\/uploads\/2019\/02\/Columbus-339-1.jpg\",\"datePublished\":\"2019-02-16T15:02:52+00:00\",\"dateModified\":\"2025-11-22T10:56:59+00:00\",\"breadcrumb\":{\"@id\":\"https:\/\/www.bottegadellearti.net\/it\/prodotto\/scacchi-columbus\/#breadcrumb\"},\"inLanguage\":\"it-IT\",\"potentialAction\":[{\"@type\":\"ReadAction\",\"target\":[\"https:\/\/www.bottegadellearti.net\/it\/prodotto\/scacchi-columbus\/\"]}]},{\"@type\":\"ImageObject\",\"inLanguage\":\"it-IT\",\"@id\":\"https:\/\/www.bottegadellearti.net\/it\/prodotto\/scacchi-columbus\/#primaryimage\",\"url\":\"https:\/\/www.bottegadellearti.net\/wp-content\/uploads\/2019\/02\/Columbus-339-1.jpg\",\"contentUrl\":\"https:\/\/www.bottegadellearti.net\/wp-content\/uploads\/2019\/02\/Columbus-339-1.jpg\",\"width\":1500,\"height\":1500},{\"@type\":\"BreadcrumbList\",\"@id\":\"https:\/\/www.bottegadellearti.net\/it\/prodotto\/scacchi-columbus\/#breadcrumb\",\"itemListElement\":[{\"@type\":\"ListItem\",\"position\":1,\"name\":\"Home\",\"item\":\"https:\/\/www.bottegadellearti.net\/it\/\"},{\"@type\":\"ListItem\",\"position\":2,\"name\":\"Shop\",\"item\":\"https:\/\/www.bottegadellearti.net\/it\/negozio\/\"},{\"@type\":\"ListItem\",\"position\":3,\"name\":\"Scacchiera Columbus\"}]},{\"@type\":\"WebSite\",\"@id\":\"https:\/\/www.bottegadellearti.net\/it\/#website\",\"url\":\"https:\/\/www.bottegadellearti.net\/it\/\",\"name\":\"La Bottega delle Arti\",\"description\":\"\",\"potentialAction\":[{\"@type\":\"SearchAction\",\"target\":{\"@type\":\"EntryPoint\",\"urlTemplate\":\"https:\/\/www.bottegadellearti.net\/it\/?s={search_term_string}\"},\"query-input\":{\"@type\":\"PropertyValueSpecification\",\"valueRequired\":true,\"valueName\":\"search_term_string\"}}],\"inLanguage\":\"it-IT\"}]}<\/script>\n<!-- \/ Yoast SEO plugin. -->","yoast_head_json":{"title":"Scacchiera Columbus - La Bottega delle Arti","robots":{"index":"index","follow":"follow","max-snippet":"max-snippet:-1","max-image-preview":"max-image-preview:large","max-video-preview":"max-video-preview:-1"},"canonical":"https:\/\/www.bottegadellearti.net\/it\/prodotto\/scacchi-columbus\/","og_locale":"it_IT","og_type":"article","og_title":"Scacchiera Columbus - La Bottega delle Arti","og_description":"Dimensioni Cm.L.39 x L.39 x H.10","og_url":"https:\/\/www.bottegadellearti.net\/it\/prodotto\/scacchi-columbus\/","og_site_name":"La Bottega delle Arti","article_modified_time":"2025-11-22T10:56:59+00:00","og_image":[{"width":1500,"height":1500,"url":"https:\/\/www.bottegadellearti.net\/wp-content\/uploads\/2019\/02\/Columbus-339-1.jpg","type":"image\/jpeg"}],"twitter_card":"summary_large_image","twitter_misc":{"Tempo di lettura stimato":"1 minuto"},"schema":{"@context":"https:\/\/schema.org","@graph":[{"@type":"WebPage","@id":"https:\/\/www.bottegadellearti.net\/it\/prodotto\/scacchi-columbus\/","url":"https:\/\/www.bottegadellearti.net\/it\/prodotto\/scacchi-columbus\/","name":"Scacchiera Columbus - La Bottega delle Arti","isPartOf":{"@id":"https:\/\/www.bottegadellearti.net\/it\/#website"},"primaryImageOfPage":{"@id":"https:\/\/www.bottegadellearti.net\/it\/prodotto\/scacchi-columbus\/#primaryimage"},"image":{"@id":"https:\/\/www.bottegadellearti.net\/it\/prodotto\/scacchi-columbus\/#primaryimage"},"thumbnailUrl":"https:\/\/www.bottegadellearti.net\/wp-content\/uploads\/2019\/02\/Columbus-339-1.jpg","datePublished":"2019-02-16T15:02:52+00:00","dateModified":"2025-11-22T10:56:59+00:00","breadcrumb":{"@id":"https:\/\/www.bottegadellearti.net\/it\/prodotto\/scacchi-columbus\/#breadcrumb"},"inLanguage":"it-IT","potentialAction":[{"@type":"ReadAction","target":["https:\/\/www.bottegadellearti.net\/it\/prodotto\/scacchi-columbus\/"]}]},{"@type":"ImageObject","inLanguage":"it-IT","@id":"https:\/\/www.bottegadellearti.net\/it\/prodotto\/scacchi-columbus\/#primaryimage","url":"https:\/\/www.bottegadellearti.net\/wp-content\/uploads\/2019\/02\/Columbus-339-1.jpg","contentUrl":"https:\/\/www.bottegadellearti.net\/wp-content\/uploads\/2019\/02\/Columbus-339-1.jpg","width":1500,"height":1500},{"@type":"BreadcrumbList","@id":"https:\/\/www.bottegadellearti.net\/it\/prodotto\/scacchi-columbus\/#breadcrumb","itemListElement":[{"@type":"ListItem","position":1,"name":"Home","item":"https:\/\/www.bottegadellearti.net\/it\/"},{"@type":"ListItem","position":2,"name":"Shop","item":"https:\/\/www.bottegadellearti.net\/it\/negozio\/"},{"@type":"ListItem","position":3,"name":"Scacchiera Columbus"}]},{"@type":"WebSite","@id":"https:\/\/www.bottegadellearti.net\/it\/#website","url":"https:\/\/www.bottegadellearti.net\/it\/","name":"La Bottega delle Arti","description":"","potentialAction":[{"@type":"SearchAction","target":{"@type":"EntryPoint","urlTemplate":"https:\/\/www.bottegadellearti.net\/it\/?s={search_term_string}"},"query-input":{"@type":"PropertyValueSpecification","valueRequired":true,"valueName":"search_term_string"}}],"inLanguage":"it-IT"}]}},"_links":{"self":[{"href":"https:\/\/www.bottegadellearti.net\/it\/wp-json\/wp\/v2\/product\/900"}],"collection":[{"href":"https:\/\/www.bottegadellearti.net\/it\/wp-json\/wp\/v2\/product"}],"about":[{"href":"https:\/\/www.bottegadellearti.net\/it\/wp-json\/wp\/v2\/types\/product"}],"replies":[{"embeddable":true,"href":"https:\/\/www.bottegadellearti.net\/it\/wp-json\/wp\/v2\/comments?post=900"}],"wp:featuredmedia":[{"embeddable":true,"href":"https:\/\/www.bottegadellearti.net\/it\/wp-json\/wp\/v2\/media\/901"}],"wp:attachment":[{"href":"https:\/\/www.bottegadellearti.net\/it\/wp-json\/wp\/v2\/media?parent=900"}],"wp:term":[{"taxonomy":"product_cat","embeddable":true,"href":"https:\/\/www.bottegadellearti.net\/it\/wp-json\/wp\/v2\/product_cat?post=900"},{"taxonomy":"product_tag","embeddable":true,"href":"https:\/\/www.bottegadellearti.net\/it\/wp-json\/wp\/v2\/product_tag?post=900"}],"curies":[{"name":"wp","href":"https:\/\/api.w.org\/{rel}","templated":true}]}}