{"id":920,"date":"2019-02-19T16:11:40","date_gmt":"2019-02-19T16:11:40","guid":{"rendered":"https:\/\/bottegadellearti.net\/?post_type=product&#038;p=920"},"modified":"2025-11-13T11:57:20","modified_gmt":"2025-11-13T11:57:20","slug":"portagioie-columbus","status":"publish","type":"product","link":"https:\/\/www.bottegadellearti.net\/it\/prodotto\/portagioie-columbus\/","title":{"rendered":"Portagioie con vassoio Columbus"},"content":{"rendered":"<p>Questo elegante vassoio in velluto \u00e8 dotato di un morbido cuscino progettato per custodire il tuo orologio con eleganza. Il vassoio \u00e8 rimovibile, rivelando un ampio scomparto sottostante per ulteriore spazio o per oggetti pi\u00f9 ingombranti quando non lo usi.<\/p>\n","protected":false},"excerpt":{"rendered":"<p>Dimensioni: Cm.18x18x10\/ 7&#8243;x7&#8243;x4&#8243;h<\/p>\n","protected":false},"featured_media":921,"comment_status":"open","ping_status":"closed","template":"","meta":[],"product_cat":[25,77],"product_tag":[80,73],"yoast_head":"<!-- This site is optimized with the Yoast SEO plugin v24.5 - https:\/\/yoast.com\/wordpress\/plugins\/seo\/ -->\n<title>Portagioie con vassoio Columbus - La Bottega delle Arti<\/title>\n<meta name=\"robots\" content=\"index, follow, max-snippet:-1, max-image-preview:large, max-video-preview:-1\" \/>\n<link rel=\"canonical\" href=\"https:\/\/www.bottegadellearti.net\/it\/prodotto\/portagioie-columbus\/\" \/>\n<meta property=\"og:locale\" content=\"it_IT\" \/>\n<meta property=\"og:type\" content=\"article\" \/>\n<meta property=\"og:title\" content=\"Portagioie con vassoio Columbus - La Bottega delle Arti\" \/>\n<meta property=\"og:description\" content=\"Dimensioni: Cm.18x18x10\/ 7&quot;x7&quot;x4&quot;h\" \/>\n<meta property=\"og:url\" content=\"https:\/\/www.bottegadellearti.net\/it\/prodotto\/portagioie-columbus\/\" \/>\n<meta property=\"og:site_name\" content=\"La Bottega delle Arti\" \/>\n<meta property=\"article:modified_time\" content=\"2025-11-13T11:57:20+00:00\" \/>\n<meta property=\"og:image\" content=\"https:\/\/www.bottegadellearti.net\/wp-content\/uploads\/2019\/02\/Columbus-918.jpg\" \/>\n\t<meta property=\"og:image:width\" content=\"1500\" \/>\n\t<meta property=\"og:image:height\" content=\"1500\" \/>\n\t<meta property=\"og:image:type\" content=\"image\/jpeg\" \/>\n<meta name=\"twitter:card\" content=\"summary_large_image\" \/>\n<meta name=\"twitter:label1\" content=\"Tempo di lettura stimato\" \/>\n\t<meta name=\"twitter:data1\" content=\"1 minuto\" \/>\n<script type=\"application\/ld+json\" class=\"yoast-schema-graph\">{\"@context\":\"https:\/\/schema.org\",\"@graph\":[{\"@type\":\"WebPage\",\"@id\":\"https:\/\/www.bottegadellearti.net\/it\/prodotto\/portagioie-columbus\/\",\"url\":\"https:\/\/www.bottegadellearti.net\/it\/prodotto\/portagioie-columbus\/\",\"name\":\"Portagioie con vassoio Columbus - La Bottega delle Arti\",\"isPartOf\":{\"@id\":\"https:\/\/www.bottegadellearti.net\/it\/#website\"},\"primaryImageOfPage\":{\"@id\":\"https:\/\/www.bottegadellearti.net\/it\/prodotto\/portagioie-columbus\/#primaryimage\"},\"image\":{\"@id\":\"https:\/\/www.bottegadellearti.net\/it\/prodotto\/portagioie-columbus\/#primaryimage\"},\"thumbnailUrl\":\"https:\/\/www.bottegadellearti.net\/wp-content\/uploads\/2019\/02\/Columbus-918.jpg\",\"datePublished\":\"2019-02-19T16:11:40+00:00\",\"dateModified\":\"2025-11-13T11:57:20+00:00\",\"breadcrumb\":{\"@id\":\"https:\/\/www.bottegadellearti.net\/it\/prodotto\/portagioie-columbus\/#breadcrumb\"},\"inLanguage\":\"it-IT\",\"potentialAction\":[{\"@type\":\"ReadAction\",\"target\":[\"https:\/\/www.bottegadellearti.net\/it\/prodotto\/portagioie-columbus\/\"]}]},{\"@type\":\"ImageObject\",\"inLanguage\":\"it-IT\",\"@id\":\"https:\/\/www.bottegadellearti.net\/it\/prodotto\/portagioie-columbus\/#primaryimage\",\"url\":\"https:\/\/www.bottegadellearti.net\/wp-content\/uploads\/2019\/02\/Columbus-918.jpg\",\"contentUrl\":\"https:\/\/www.bottegadellearti.net\/wp-content\/uploads\/2019\/02\/Columbus-918.jpg\",\"width\":1500,\"height\":1500},{\"@type\":\"BreadcrumbList\",\"@id\":\"https:\/\/www.bottegadellearti.net\/it\/prodotto\/portagioie-columbus\/#breadcrumb\",\"itemListElement\":[{\"@type\":\"ListItem\",\"position\":1,\"name\":\"Home\",\"item\":\"https:\/\/www.bottegadellearti.net\/it\/\"},{\"@type\":\"ListItem\",\"position\":2,\"name\":\"Shop\",\"item\":\"https:\/\/www.bottegadellearti.net\/it\/negozio\/\"},{\"@type\":\"ListItem\",\"position\":3,\"name\":\"Portagioie con vassoio Columbus\"}]},{\"@type\":\"WebSite\",\"@id\":\"https:\/\/www.bottegadellearti.net\/it\/#website\",\"url\":\"https:\/\/www.bottegadellearti.net\/it\/\",\"name\":\"La Bottega delle Arti\",\"description\":\"\",\"potentialAction\":[{\"@type\":\"SearchAction\",\"target\":{\"@type\":\"EntryPoint\",\"urlTemplate\":\"https:\/\/www.bottegadellearti.net\/it\/?s={search_term_string}\"},\"query-input\":{\"@type\":\"PropertyValueSpecification\",\"valueRequired\":true,\"valueName\":\"search_term_string\"}}],\"inLanguage\":\"it-IT\"}]}<\/script>\n<!-- \/ Yoast SEO plugin. -->","yoast_head_json":{"title":"Portagioie con vassoio Columbus - La Bottega delle Arti","robots":{"index":"index","follow":"follow","max-snippet":"max-snippet:-1","max-image-preview":"max-image-preview:large","max-video-preview":"max-video-preview:-1"},"canonical":"https:\/\/www.bottegadellearti.net\/it\/prodotto\/portagioie-columbus\/","og_locale":"it_IT","og_type":"article","og_title":"Portagioie con vassoio Columbus - La Bottega delle Arti","og_description":"Dimensioni: Cm.18x18x10\/ 7\"x7\"x4\"h","og_url":"https:\/\/www.bottegadellearti.net\/it\/prodotto\/portagioie-columbus\/","og_site_name":"La Bottega delle Arti","article_modified_time":"2025-11-13T11:57:20+00:00","og_image":[{"width":1500,"height":1500,"url":"https:\/\/www.bottegadellearti.net\/wp-content\/uploads\/2019\/02\/Columbus-918.jpg","type":"image\/jpeg"}],"twitter_card":"summary_large_image","twitter_misc":{"Tempo di lettura stimato":"1 minuto"},"schema":{"@context":"https:\/\/schema.org","@graph":[{"@type":"WebPage","@id":"https:\/\/www.bottegadellearti.net\/it\/prodotto\/portagioie-columbus\/","url":"https:\/\/www.bottegadellearti.net\/it\/prodotto\/portagioie-columbus\/","name":"Portagioie con vassoio Columbus - La Bottega delle Arti","isPartOf":{"@id":"https:\/\/www.bottegadellearti.net\/it\/#website"},"primaryImageOfPage":{"@id":"https:\/\/www.bottegadellearti.net\/it\/prodotto\/portagioie-columbus\/#primaryimage"},"image":{"@id":"https:\/\/www.bottegadellearti.net\/it\/prodotto\/portagioie-columbus\/#primaryimage"},"thumbnailUrl":"https:\/\/www.bottegadellearti.net\/wp-content\/uploads\/2019\/02\/Columbus-918.jpg","datePublished":"2019-02-19T16:11:40+00:00","dateModified":"2025-11-13T11:57:20+00:00","breadcrumb":{"@id":"https:\/\/www.bottegadellearti.net\/it\/prodotto\/portagioie-columbus\/#breadcrumb"},"inLanguage":"it-IT","potentialAction":[{"@type":"ReadAction","target":["https:\/\/www.bottegadellearti.net\/it\/prodotto\/portagioie-columbus\/"]}]},{"@type":"ImageObject","inLanguage":"it-IT","@id":"https:\/\/www.bottegadellearti.net\/it\/prodotto\/portagioie-columbus\/#primaryimage","url":"https:\/\/www.bottegadellearti.net\/wp-content\/uploads\/2019\/02\/Columbus-918.jpg","contentUrl":"https:\/\/www.bottegadellearti.net\/wp-content\/uploads\/2019\/02\/Columbus-918.jpg","width":1500,"height":1500},{"@type":"BreadcrumbList","@id":"https:\/\/www.bottegadellearti.net\/it\/prodotto\/portagioie-columbus\/#breadcrumb","itemListElement":[{"@type":"ListItem","position":1,"name":"Home","item":"https:\/\/www.bottegadellearti.net\/it\/"},{"@type":"ListItem","position":2,"name":"Shop","item":"https:\/\/www.bottegadellearti.net\/it\/negozio\/"},{"@type":"ListItem","position":3,"name":"Portagioie con vassoio Columbus"}]},{"@type":"WebSite","@id":"https:\/\/www.bottegadellearti.net\/it\/#website","url":"https:\/\/www.bottegadellearti.net\/it\/","name":"La Bottega delle Arti","description":"","potentialAction":[{"@type":"SearchAction","target":{"@type":"EntryPoint","urlTemplate":"https:\/\/www.bottegadellearti.net\/it\/?s={search_term_string}"},"query-input":{"@type":"PropertyValueSpecification","valueRequired":true,"valueName":"search_term_string"}}],"inLanguage":"it-IT"}]}},"_links":{"self":[{"href":"https:\/\/www.bottegadellearti.net\/it\/wp-json\/wp\/v2\/product\/920"}],"collection":[{"href":"https:\/\/www.bottegadellearti.net\/it\/wp-json\/wp\/v2\/product"}],"about":[{"href":"https:\/\/www.bottegadellearti.net\/it\/wp-json\/wp\/v2\/types\/product"}],"replies":[{"embeddable":true,"href":"https:\/\/www.bottegadellearti.net\/it\/wp-json\/wp\/v2\/comments?post=920"}],"wp:featuredmedia":[{"embeddable":true,"href":"https:\/\/www.bottegadellearti.net\/it\/wp-json\/wp\/v2\/media\/921"}],"wp:attachment":[{"href":"https:\/\/www.bottegadellearti.net\/it\/wp-json\/wp\/v2\/media?parent=920"}],"wp:term":[{"taxonomy":"product_cat","embeddable":true,"href":"https:\/\/www.bottegadellearti.net\/it\/wp-json\/wp\/v2\/product_cat?post=920"},{"taxonomy":"product_tag","embeddable":true,"href":"https:\/\/www.bottegadellearti.net\/it\/wp-json\/wp\/v2\/product_tag?post=920"}],"curies":[{"name":"wp","href":"https:\/\/api.w.org\/{rel}","templated":true}]}}