{"id":9988,"date":"2020-09-15T13:48:19","date_gmt":"2020-09-15T13:48:19","guid":{"rendered":"https:\/\/www.bottegadellearti.net\/?post_type=product&#038;p=9988"},"modified":"2024-06-21T12:37:00","modified_gmt":"2024-06-21T12:37:00","slug":"coppa-champagne-decorato-turchese","status":"publish","type":"product","link":"https:\/\/www.bottegadellearti.net\/it\/prodotto\/coppa-champagne-decorato-turchese\/","title":{"rendered":"Coppa Champagne Decorato Turchese"},"content":{"rendered":"","protected":false},"excerpt":{"rendered":"<p>Coppa champagne in vetro di Murano decorato in oro e stelo decorato.<br \/>\nPossibilit\u00e0 di ordinare pi\u00f9 pezzi in altri colori inviando un e-mail.<\/p>\n<p>Essendo interamente realizzati a mano, c&#8217;\u00e8 la possibilit\u00e0 di lievi variazioni per quanto riguarda forma, dimensioni e\/0 colore.<\/p>\n","protected":false},"featured_media":9989,"comment_status":"open","ping_status":"closed","template":"","meta":[],"product_cat":[29,89],"product_tag":[],"yoast_head":"<!-- This site is optimized with the Yoast SEO plugin v24.5 - https:\/\/yoast.com\/wordpress\/plugins\/seo\/ -->\n<title>Coppa Champagne Decorato Turchese - La Bottega delle Arti<\/title>\n<meta name=\"robots\" content=\"index, follow, max-snippet:-1, max-image-preview:large, max-video-preview:-1\" \/>\n<link rel=\"canonical\" href=\"https:\/\/www.bottegadellearti.net\/it\/prodotto\/coppa-champagne-decorato-turchese\/\" \/>\n<meta property=\"og:locale\" content=\"it_IT\" \/>\n<meta property=\"og:type\" content=\"article\" \/>\n<meta property=\"og:title\" content=\"Coppa Champagne Decorato Turchese - La Bottega delle Arti\" \/>\n<meta property=\"og:description\" content=\"Coppa champagne in vetro di Murano decorato in oro e stelo decorato. Possibilit\u00e0 di ordinare pi\u00f9 pezzi in altri colori inviando un e-mail.  Essendo interamente realizzati a mano, c&#039;\u00e8 la possibilit\u00e0 di lievi variazioni per quanto riguarda forma, dimensioni e\/0 colore.\" \/>\n<meta property=\"og:url\" content=\"https:\/\/www.bottegadellearti.net\/it\/prodotto\/coppa-champagne-decorato-turchese\/\" \/>\n<meta property=\"og:site_name\" content=\"La Bottega delle Arti\" \/>\n<meta property=\"article:modified_time\" content=\"2024-06-21T12:37:00+00:00\" \/>\n<meta property=\"og:image\" content=\"https:\/\/www.bottegadellearti.net\/wp-content\/uploads\/2020\/09\/calice-decorato-4.gif\" \/>\n\t<meta property=\"og:image:width\" content=\"1900\" \/>\n\t<meta property=\"og:image:height\" content=\"1900\" \/>\n\t<meta property=\"og:image:type\" content=\"image\/gif\" \/>\n<meta name=\"twitter:card\" content=\"summary_large_image\" \/>\n<meta name=\"twitter:label1\" content=\"Tempo di lettura stimato\" \/>\n\t<meta name=\"twitter:data1\" content=\"1 minuto\" \/>\n<script type=\"application\/ld+json\" class=\"yoast-schema-graph\">{\"@context\":\"https:\/\/schema.org\",\"@graph\":[{\"@type\":\"WebPage\",\"@id\":\"https:\/\/www.bottegadellearti.net\/it\/prodotto\/coppa-champagne-decorato-turchese\/\",\"url\":\"https:\/\/www.bottegadellearti.net\/it\/prodotto\/coppa-champagne-decorato-turchese\/\",\"name\":\"Coppa Champagne Decorato Turchese - La Bottega delle Arti\",\"isPartOf\":{\"@id\":\"https:\/\/www.bottegadellearti.net\/it\/#website\"},\"primaryImageOfPage\":{\"@id\":\"https:\/\/www.bottegadellearti.net\/it\/prodotto\/coppa-champagne-decorato-turchese\/#primaryimage\"},\"image\":{\"@id\":\"https:\/\/www.bottegadellearti.net\/it\/prodotto\/coppa-champagne-decorato-turchese\/#primaryimage\"},\"thumbnailUrl\":\"https:\/\/www.bottegadellearti.net\/wp-content\/uploads\/2020\/09\/calice-decorato-4.gif\",\"datePublished\":\"2020-09-15T13:48:19+00:00\",\"dateModified\":\"2024-06-21T12:37:00+00:00\",\"breadcrumb\":{\"@id\":\"https:\/\/www.bottegadellearti.net\/it\/prodotto\/coppa-champagne-decorato-turchese\/#breadcrumb\"},\"inLanguage\":\"it-IT\",\"potentialAction\":[{\"@type\":\"ReadAction\",\"target\":[\"https:\/\/www.bottegadellearti.net\/it\/prodotto\/coppa-champagne-decorato-turchese\/\"]}]},{\"@type\":\"ImageObject\",\"inLanguage\":\"it-IT\",\"@id\":\"https:\/\/www.bottegadellearti.net\/it\/prodotto\/coppa-champagne-decorato-turchese\/#primaryimage\",\"url\":\"https:\/\/www.bottegadellearti.net\/wp-content\/uploads\/2020\/09\/calice-decorato-4.gif\",\"contentUrl\":\"https:\/\/www.bottegadellearti.net\/wp-content\/uploads\/2020\/09\/calice-decorato-4.gif\",\"width\":1900,\"height\":1900},{\"@type\":\"BreadcrumbList\",\"@id\":\"https:\/\/www.bottegadellearti.net\/it\/prodotto\/coppa-champagne-decorato-turchese\/#breadcrumb\",\"itemListElement\":[{\"@type\":\"ListItem\",\"position\":1,\"name\":\"Home\",\"item\":\"https:\/\/www.bottegadellearti.net\/it\/\"},{\"@type\":\"ListItem\",\"position\":2,\"name\":\"Shop\",\"item\":\"https:\/\/www.bottegadellearti.net\/it\/negozio\/\"},{\"@type\":\"ListItem\",\"position\":3,\"name\":\"Coppa Champagne Decorato Turchese\"}]},{\"@type\":\"WebSite\",\"@id\":\"https:\/\/www.bottegadellearti.net\/it\/#website\",\"url\":\"https:\/\/www.bottegadellearti.net\/it\/\",\"name\":\"La Bottega delle Arti\",\"description\":\"\",\"potentialAction\":[{\"@type\":\"SearchAction\",\"target\":{\"@type\":\"EntryPoint\",\"urlTemplate\":\"https:\/\/www.bottegadellearti.net\/it\/?s={search_term_string}\"},\"query-input\":{\"@type\":\"PropertyValueSpecification\",\"valueRequired\":true,\"valueName\":\"search_term_string\"}}],\"inLanguage\":\"it-IT\"}]}<\/script>\n<!-- \/ Yoast SEO plugin. -->","yoast_head_json":{"title":"Coppa Champagne Decorato Turchese - La Bottega delle Arti","robots":{"index":"index","follow":"follow","max-snippet":"max-snippet:-1","max-image-preview":"max-image-preview:large","max-video-preview":"max-video-preview:-1"},"canonical":"https:\/\/www.bottegadellearti.net\/it\/prodotto\/coppa-champagne-decorato-turchese\/","og_locale":"it_IT","og_type":"article","og_title":"Coppa Champagne Decorato Turchese - La Bottega delle Arti","og_description":"Coppa champagne in vetro di Murano decorato in oro e stelo decorato. Possibilit\u00e0 di ordinare pi\u00f9 pezzi in altri colori inviando un e-mail.  Essendo interamente realizzati a mano, c'\u00e8 la possibilit\u00e0 di lievi variazioni per quanto riguarda forma, dimensioni e\/0 colore.","og_url":"https:\/\/www.bottegadellearti.net\/it\/prodotto\/coppa-champagne-decorato-turchese\/","og_site_name":"La Bottega delle Arti","article_modified_time":"2024-06-21T12:37:00+00:00","og_image":[{"width":1900,"height":1900,"url":"https:\/\/www.bottegadellearti.net\/wp-content\/uploads\/2020\/09\/calice-decorato-4.gif","type":"image\/gif"}],"twitter_card":"summary_large_image","twitter_misc":{"Tempo di lettura stimato":"1 minuto"},"schema":{"@context":"https:\/\/schema.org","@graph":[{"@type":"WebPage","@id":"https:\/\/www.bottegadellearti.net\/it\/prodotto\/coppa-champagne-decorato-turchese\/","url":"https:\/\/www.bottegadellearti.net\/it\/prodotto\/coppa-champagne-decorato-turchese\/","name":"Coppa Champagne Decorato Turchese - La Bottega delle Arti","isPartOf":{"@id":"https:\/\/www.bottegadellearti.net\/it\/#website"},"primaryImageOfPage":{"@id":"https:\/\/www.bottegadellearti.net\/it\/prodotto\/coppa-champagne-decorato-turchese\/#primaryimage"},"image":{"@id":"https:\/\/www.bottegadellearti.net\/it\/prodotto\/coppa-champagne-decorato-turchese\/#primaryimage"},"thumbnailUrl":"https:\/\/www.bottegadellearti.net\/wp-content\/uploads\/2020\/09\/calice-decorato-4.gif","datePublished":"2020-09-15T13:48:19+00:00","dateModified":"2024-06-21T12:37:00+00:00","breadcrumb":{"@id":"https:\/\/www.bottegadellearti.net\/it\/prodotto\/coppa-champagne-decorato-turchese\/#breadcrumb"},"inLanguage":"it-IT","potentialAction":[{"@type":"ReadAction","target":["https:\/\/www.bottegadellearti.net\/it\/prodotto\/coppa-champagne-decorato-turchese\/"]}]},{"@type":"ImageObject","inLanguage":"it-IT","@id":"https:\/\/www.bottegadellearti.net\/it\/prodotto\/coppa-champagne-decorato-turchese\/#primaryimage","url":"https:\/\/www.bottegadellearti.net\/wp-content\/uploads\/2020\/09\/calice-decorato-4.gif","contentUrl":"https:\/\/www.bottegadellearti.net\/wp-content\/uploads\/2020\/09\/calice-decorato-4.gif","width":1900,"height":1900},{"@type":"BreadcrumbList","@id":"https:\/\/www.bottegadellearti.net\/it\/prodotto\/coppa-champagne-decorato-turchese\/#breadcrumb","itemListElement":[{"@type":"ListItem","position":1,"name":"Home","item":"https:\/\/www.bottegadellearti.net\/it\/"},{"@type":"ListItem","position":2,"name":"Shop","item":"https:\/\/www.bottegadellearti.net\/it\/negozio\/"},{"@type":"ListItem","position":3,"name":"Coppa Champagne Decorato Turchese"}]},{"@type":"WebSite","@id":"https:\/\/www.bottegadellearti.net\/it\/#website","url":"https:\/\/www.bottegadellearti.net\/it\/","name":"La Bottega delle Arti","description":"","potentialAction":[{"@type":"SearchAction","target":{"@type":"EntryPoint","urlTemplate":"https:\/\/www.bottegadellearti.net\/it\/?s={search_term_string}"},"query-input":{"@type":"PropertyValueSpecification","valueRequired":true,"valueName":"search_term_string"}}],"inLanguage":"it-IT"}]}},"_links":{"self":[{"href":"https:\/\/www.bottegadellearti.net\/it\/wp-json\/wp\/v2\/product\/9988"}],"collection":[{"href":"https:\/\/www.bottegadellearti.net\/it\/wp-json\/wp\/v2\/product"}],"about":[{"href":"https:\/\/www.bottegadellearti.net\/it\/wp-json\/wp\/v2\/types\/product"}],"replies":[{"embeddable":true,"href":"https:\/\/www.bottegadellearti.net\/it\/wp-json\/wp\/v2\/comments?post=9988"}],"wp:featuredmedia":[{"embeddable":true,"href":"https:\/\/www.bottegadellearti.net\/it\/wp-json\/wp\/v2\/media\/9989"}],"wp:attachment":[{"href":"https:\/\/www.bottegadellearti.net\/it\/wp-json\/wp\/v2\/media?parent=9988"}],"wp:term":[{"taxonomy":"product_cat","embeddable":true,"href":"https:\/\/www.bottegadellearti.net\/it\/wp-json\/wp\/v2\/product_cat?post=9988"},{"taxonomy":"product_tag","embeddable":true,"href":"https:\/\/www.bottegadellearti.net\/it\/wp-json\/wp\/v2\/product_tag?post=9988"}],"curies":[{"name":"wp","href":"https:\/\/api.w.org\/{rel}","templated":true}]}}